{"id":21,"date":"2020-06-10T10:15:04","date_gmt":"2020-06-10T14:15:04","guid":{"rendered":"https:\/\/site.csdessommets.qc.ca\/railecture\/trousses-de-depistage\/"},"modified":"2024-04-18T09:22:21","modified_gmt":"2024-04-18T13:22:21","slug":"trousses-de-depistage","status":"publish","type":"page","link":"https:\/\/site.csdessommets.qc.ca\/railecture\/trousses-de-depistage\/","title":{"rendered":"Trousses de d\u00e9pistage"},"content":{"rendered":"\n\n\t\t\t<a href=\"https:\/\/portail.csqc.ca\/gif#\/offredeservices\" target=\"_blank\" rel=\"noopener\">\n\t\t\t\t\t\t\tFormation OBLIGATOIRE pour le personnel du CSS des Sommets\n\t\t\t\t\t<\/a>\n\t\t\t<a href=\"https:\/\/drive.google.com\/drive\/folders\/1CdDwMrZY60uPZm5I2Sfswo-XeA_Mf1Ty?usp=sharing\" target=\"_blank\" rel=\"noopener\">\n\t\t\t\t\t\t\tINTEPR\u00c9TATION et ANALYSE DES R\u00c9SULTATS &#8211; Tableaux de consignation\n\t\t\t\t\t<\/a>\n\t\t\t<a href=\"https:\/\/teams.microsoft.com\/l\/channel\/19%3ad0f8c1cd59f84d188be216d0925d86cf%40thread.tacv2\/Trousses%2520de%2520d%25C3%25A9pistage?groupId=1791e768-3c1c-4b54-bef4-f7d4c2426f1d&#038;tenantId=cede1faa-9b42-4798-8ad0-2620f045f81d\" target=\"_blank\" rel=\"noopener\">\n\t\t\t\t\t\t\t\u00c9PREUVES DE D\u00c9PISTAGE acc\u00e8s pour le personnel du CSS des Sommets\n\t\t\t\t\t<\/a>\n\t\t\t<a href=\"https:\/\/drive.google.com\/drive\/folders\/1T06PdPFfTxFumrLTk-pARRqJ2yI5JvNr?usp=sharing\" target=\"_blank\" rel=\"noopener\">\n\t\t\t\t\t\t\t\u00c9PREUVES DE D\u00c9PISTAGE acc\u00e8s pour TOUS\n\t\t\t\t\t<\/a>\n\t  \n\n","protected":false},"excerpt":{"rendered":"<p>Formation OBLIGATOIRE pour le personnel du CSS des Sommets INTEPR\u00c9TATION et ANALYSE DES R\u00c9SULTATS &#8211; Tableaux de consignation \u00c9PREUVES DE D\u00c9PISTAGE acc\u00e8s pour le personnel du CSS des Sommets \u00c9PREUVES DE D\u00c9PISTAGE acc\u00e8s pour TOUS<\/p>\n","protected":false},"author":3548,"featured_media":0,"parent":0,"menu_order":0,"comment_status":"closed","ping_status":"closed","template":"","meta":{"footnotes":""},"class_list":["post-21","page","type-page","status-publish","hentry"],"_links":{"self":[{"href":"https:\/\/site.csdessommets.qc.ca\/railecture\/wp-json\/wp\/v2\/pages\/21","targetHints":{"allow":["GET"]}}],"collection":[{"href":"https:\/\/site.csdessommets.qc.ca\/railecture\/wp-json\/wp\/v2\/pages"}],"about":[{"href":"https:\/\/site.csdessommets.qc.ca\/railecture\/wp-json\/wp\/v2\/types\/page"}],"author":[{"embeddable":true,"href":"https:\/\/site.csdessommets.qc.ca\/railecture\/wp-json\/wp\/v2\/users\/3548"}],"replies":[{"embeddable":true,"href":"https:\/\/site.csdessommets.qc.ca\/railecture\/wp-json\/wp\/v2\/comments?post=21"}],"version-history":[{"count":19,"href":"https:\/\/site.csdessommets.qc.ca\/railecture\/wp-json\/wp\/v2\/pages\/21\/revisions"}],"predecessor-version":[{"id":157,"href":"https:\/\/site.csdessommets.qc.ca\/railecture\/wp-json\/wp\/v2\/pages\/21\/revisions\/157"}],"wp:attachment":[{"href":"https:\/\/site.csdessommets.qc.ca\/railecture\/wp-json\/wp\/v2\/media?parent=21"}],"curies":[{"name":"wp","href":"https:\/\/api.w.org\/{rel}","templated":true}]}}