{"id":16,"date":"2020-03-31T11:53:41","date_gmt":"2020-03-31T15:53:41","guid":{"rendered":"https:\/\/site.csdessommets.qc.ca\/ressourcespourlesenseignantsetprofessionnels\/outils-de-communication\/"},"modified":"2020-05-25T11:51:44","modified_gmt":"2020-05-25T15:51:44","slug":"outils-de-communication","status":"publish","type":"page","link":"https:\/\/site.csdessommets.qc.ca\/ressourcespourlesenseignantsetprofessionnels\/outils-de-communication\/","title":{"rendered":"Outils de communication"},"content":{"rendered":"\n\t<h5>Dans cette section, vous trouverez les proc\u00e9duriers pour \u00eatre fonctionnels de la maison afin de communiquer efficacement avec vos \u00e9l\u00e8ves et leurs parents.<\/h5>\n\t<p><strong>Guide d&rsquo;utilisation des diff\u00e9rentes plateformes \u00e0 la C.S des Sommets : <a href=\"https:\/\/site.csdessommets.qc.ca\/abc_recit\/guide-plateformes\/\" target=\"_blank\" rel=\"noopener noreferrer\">https:\/\/site.csdessommets.qc.ca\/abc_recit\/guide-plateformes\/<\/a><\/strong><\/p>\n\t<h4><img loading=\"lazy\" decoding=\"async\" src=\"https:\/\/site.csdessommets.qc.ca\/ressourcespourlesenseignantsetprofessionnels\/wp-content\/uploads\/sites\/468\/2020\/04\/GPIimage.jpg\" alt=\"\" width=\"132\" height=\"48\" \/><\/h4>\n<h4><\/h4>\n<p>&nbsp;<\/p>\n<h4><strong><a href=\"https:\/\/site.csdessommets.qc.ca\/ressourcespourlesenseignantsetprofessionnels\/wp-content\/uploads\/sites\/468\/2020\/04\/GPIi-Produire-la-liste-courriel-mot-de-passe-\u00e9l\u00e8ves.pdf\" target=\"_blank\" rel=\"noopener noreferrer\">GPIi &#8211; Produire la liste d&rsquo;adresses courriel et de mot de passe de vos \u00e9l\u00e8ves<\/a> :<\/strong><\/h4>\n<p>&nbsp;<\/p>\n<p>Au cas o\u00f9 ils auraient oubli\u00e9 leur mot de passe, vous pourriez le transmettre \u00e0 leurs parents&#8230;<\/p>\n<p>&nbsp;<\/p>\n\t<h4><img loading=\"lazy\" decoding=\"async\" src=\"https:\/\/site.csdessommets.qc.ca\/ressourcespourlesenseignantsetprofessionnels\/wp-content\/uploads\/sites\/468\/2020\/04\/mozportail.jpg\" alt=\"\" width=\"100\" height=\"118\" \/><\/h4>\n<h4><a href=\"https:\/\/www.youtube.com\/playlist?list=PLgVcq_pXyu-lPvwvUXxfNblye7Lg_9X7a\" target=\"_blank\" rel=\"noopener noreferrer\"><strong>Capsules Moza\u00efk Portail :<\/strong><\/a><\/h4>\n<p>&nbsp;<\/p>\n<p><a href=\"https:\/\/www.youtube.com\/watch?v=_dW1ALLSP8M&amp;list=PLgVcq_pXyu-lPvwvUXxfNblye7Lg_9X7a&amp;index=11&amp;t=0s\" target=\"_blank\" rel=\"noopener noreferrer\">Rejoindre vos \u00e9l\u00e8ves et leurs parents par courriel;<\/a><\/p>\n<p><a href=\"https:\/\/www.youtube.com\/watch?v=6p4W8Z_N8yU&amp;list=PLgVcq_pXyu-lPvwvUXxfNblye7Lg_9X7a&amp;index=6\" target=\"_blank\" rel=\"noopener noreferrer\">Cr\u00e9er et partager des ressources.<\/a><\/p>\n<p><a href=\"https:\/\/site.csdessommets.qc.ca\/ressourcespourlesenseignantsetprofessionnels\/wp-content\/uploads\/sites\/468\/2020\/04\/Moza\u00efk-Portail_Guide-introduction-enseignants-FGJ.pdf\" target=\"_blank\" rel=\"noopener noreferrer\">Moza\u00efk-Portail_Guide-introduction-enseignants-FGJ<\/a><\/p>\n<p>&nbsp;<\/p>\n\t<h4><img loading=\"lazy\" decoding=\"async\" src=\"https:\/\/site.csdessommets.qc.ca\/ressourcespourlesenseignantsetprofessionnels\/wp-content\/uploads\/sites\/468\/2020\/04\/t\u00e9l\u00e9phone.jpg\" alt=\"\" width=\"103\" height=\"112\" \/><\/h4>\n<h4><\/h4>\n<h4><\/h4>\n<h4><a href=\"https:\/\/site.csdessommets.qc.ca\/ressourcespourlesenseignantsetprofessionnels\/wp-content\/uploads\/sites\/468\/2020\/04\/Communication-t\u00e9l\u00e9phonique-anonyme.pdf\" target=\"_blank\" rel=\"noopener noreferrer\"><strong>Communication t\u00e9l\u00e9phonique anonyme<\/strong><\/a><\/h4>\n<p>Comment masquer votre num\u00e9ro si vous deviez rejoindre des \u00e9l\u00e8ves par t\u00e9l\u00e9phone ou qui n&rsquo;ont pas acc\u00e8s \u00e0 internet.<\/p>\n<p>&nbsp;<\/p>\n\t<h5><strong> <img loading=\"lazy\" decoding=\"async\" src=\"https:\/\/site.csdessommets.qc.ca\/ressourcespourlesenseignantsetprofessionnels\/wp-content\/uploads\/sites\/468\/2020\/04\/Logo-Teams-1.jpg\" alt=\"\" width=\"316\" height=\"117\" \/><\/strong><\/h5>\n<p>&nbsp;<\/p>\n<p>&nbsp;<\/p>\n<p>&nbsp;<\/p>\n<h3><a href=\"https:\/\/campus.recit.qc.ca\/teams\" target=\"_blank\" rel=\"noopener noreferrer\">Autoformation TEAMS sur CAMPUS R\u00c9CIT\u00a0disponible ICI!<\/a><\/h3>\n<p>&nbsp;<\/p>\n\t<p><strong> <img loading=\"lazy\" decoding=\"async\" src=\"https:\/\/site.csdessommets.qc.ca\/ressourcespourlesenseignantsetprofessionnels\/wp-content\/uploads\/sites\/468\/2020\/04\/cr\u00e9ation-teams-233x300.jpg\" alt=\"\" width=\"147\" height=\"189\" \/><\/strong><\/p>\n<h3><a href=\"https:\/\/site.csdessommets.qc.ca\/o365\/toutes\/teams\/creation-de-teams-a-partir-de-groupes-deleves\/\" target=\"_blank\" rel=\"noopener noreferrer\"><strong>Cr\u00e9ez\u00a0 vos\u00a0 \u00c9quipes<\/strong><\/a><\/h3>\n<p>Cr\u00e9er rapidement des TEAMS pour vos groupes figurant \u00e0 GPI.<\/p>\n<p>&nbsp;<\/p>\n\t<h4><img loading=\"lazy\" decoding=\"async\" src=\"https:\/\/site.csdessommets.qc.ca\/ressourcespourlesenseignantsetprofessionnels\/wp-content\/uploads\/sites\/468\/2020\/04\/visio-300x300.png\" alt=\"\" width=\"186\" height=\"186\" \/><\/h4>\n<h4><strong><a href=\"https:\/\/site.csdessommets.qc.ca\/ressourcespourlesenseignantsetprofessionnels\/wp-content\/uploads\/sites\/468\/2020\/04\/Visioversion2.pdf\" target=\"_blank\" rel=\"noopener noreferrer\">Visioconf\u00e9rence TEAMS<\/a><\/strong><\/h4>\n<h4>Utilisez la visoconf\u00e9rence pour rejoindre vos groupes d&rsquo;\u00e9l\u00e8ves.<\/h4>\n<p><a href=\"https:\/\/site.csdessommets.qc.ca\/ressourcespourlesenseignantsetprofessionnels\/wp-content\/uploads\/sites\/468\/2020\/04\/\u00c9l\u00e8ves-comment-acc\u00e9der-\u00e0-une-visio-conf\u00e9rence-avec-Teams.pdf\">\u00c9l\u00e8ves comment acc\u00e9der \u00e0 une visio-conf\u00e9rence avec Teams<\/a><\/p>\n<p>&nbsp;<\/p>\n\t<h4><img loading=\"lazy\" decoding=\"async\" src=\"https:\/\/site.csdessommets.qc.ca\/ressourcespourlesenseignantsetprofessionnels\/wp-content\/uploads\/sites\/468\/2020\/04\/O365teams-275x300.jpg\" alt=\"\" width=\"164\" height=\"179\" \/><\/h4>\n<h4><a href=\"https:\/\/site.csdessommets.qc.ca\/o365\/toutes\/teams\/guide-o365-teams\/\" target=\"_blank\" rel=\"noopener noreferrer\"><strong>Tour d&rsquo;horizon des autres fonctionnalit\u00e9s de TEAMS:<\/strong><\/a><\/h4>\n<ul>\n<li>Clavardage<\/li>\n<li>Fichiers<\/li>\n<li>Calendrier<\/li>\n<\/ul>\n\t<p><img loading=\"lazy\" decoding=\"async\" src=\"https:\/\/site.csdessommets.qc.ca\/ressourcespourlesenseignantsetprofessionnels\/wp-content\/uploads\/sites\/468\/2020\/04\/SITE.jpg\" alt=\"\" width=\"135\" height=\"128\" \/><\/p>\n<p>Platreforme SITE :<\/p>\n<p>interface WordPress<\/p>\n<p>simplifi\u00e9e pour vous.<\/p>\n<p>&nbsp;<\/p>\n<p>&nbsp;<\/p>\n<p>&nbsp;<\/p>\n\t<p><img loading=\"lazy\" decoding=\"async\" src=\"https:\/\/site.csdessommets.qc.ca\/ressourcespourlesenseignantsetprofessionnels\/wp-content\/uploads\/sites\/468\/2020\/04\/Aidesite-300x66.jpg\" alt=\"\" width=\"300\" height=\"66\" \/><\/p>\n<p><a href=\"https:\/\/site.csdessommets.qc.ca\/aide\/\" target=\"_blank\" rel=\"noopener noreferrer\">https:\/\/site.csdessommets.qc.ca\/aide\/<\/a><\/p>\n\t<p><img loading=\"lazy\" decoding=\"async\" src=\"https:\/\/site.csdessommets.qc.ca\/ressourcespourlesenseignantsetprofessionnels\/wp-content\/uploads\/sites\/468\/2020\/04\/CR\u00c9ERSIT.jpg\" alt=\"\" width=\"237\" height=\"65\" \/><\/p>\n<p><a href=\"https:\/\/site.csdessommets.qc.ca\/\" target=\"_blank\" rel=\"noopener noreferrer\">Cr\u00e9er votre SITE pour organiser vos<\/a><\/p>\n<p><a href=\"https:\/\/site.csdessommets.qc.ca\/\" target=\"_blank\" rel=\"noopener noreferrer\">ressources et y r\u00e9f\u00e9rer vos \u00e9l\u00e8ves<\/a><\/p>\n","protected":false},"excerpt":{"rendered":"<p>Dans cette section, vous trouverez les proc\u00e9duriers pour \u00eatre fonctionnels de la maison afin de communiquer efficacement avec vos \u00e9l\u00e8ves et leurs parents. Guide d&rsquo;utilisation des diff\u00e9rentes plateformes \u00e0 la C.S des Sommets :  &nbsp; GPIi &#8211; Produire la liste d&rsquo;adresses courriel et de mot de passe de vos \u00e9l\u00e8ves : &nbsp; Au cas&hellip;<\/p>\n","protected":false},"author":1825,"featured_media":0,"parent":0,"menu_order":0,"comment_status":"closed","ping_status":"closed","template":"","meta":{"footnotes":""},"class_list":["post-16","page","type-page","status-publish","hentry"],"_links":{"self":[{"href":"https:\/\/site.csdessommets.qc.ca\/ressourcespourlesenseignantsetprofessionnels\/wp-json\/wp\/v2\/pages\/16","targetHints":{"allow":["GET"]}}],"collection":[{"href":"https:\/\/site.csdessommets.qc.ca\/ressourcespourlesenseignantsetprofessionnels\/wp-json\/wp\/v2\/pages"}],"about":[{"href":"https:\/\/site.csdessommets.qc.ca\/ressourcespourlesenseignantsetprofessionnels\/wp-json\/wp\/v2\/types\/page"}],"author":[{"embeddable":true,"href":"https:\/\/site.csdessommets.qc.ca\/ressourcespourlesenseignantsetprofessionnels\/wp-json\/wp\/v2\/users\/1825"}],"replies":[{"embeddable":true,"href":"https:\/\/site.csdessommets.qc.ca\/ressourcespourlesenseignantsetprofessionnels\/wp-json\/wp\/v2\/comments?post=16"}],"version-history":[{"count":39,"href":"https:\/\/site.csdessommets.qc.ca\/ressourcespourlesenseignantsetprofessionnels\/wp-json\/wp\/v2\/pages\/16\/revisions"}],"predecessor-version":[{"id":210,"href":"https:\/\/site.csdessommets.qc.ca\/ressourcespourlesenseignantsetprofessionnels\/wp-json\/wp\/v2\/pages\/16\/revisions\/210"}],"wp:attachment":[{"href":"https:\/\/site.csdessommets.qc.ca\/ressourcespourlesenseignantsetprofessionnels\/wp-json\/wp\/v2\/media?parent=16"}],"curies":[{"name":"wp","href":"https:\/\/api.w.org\/{rel}","templated":true}]}}