{"id":18,"date":"2020-03-31T11:54:14","date_gmt":"2020-03-31T15:54:14","guid":{"rendered":"https:\/\/site.csdessommets.qc.ca\/ressourcespourlesenseignantsetprofessionnels\/autoformation-aide\/"},"modified":"2021-08-23T15:38:03","modified_gmt":"2021-08-23T19:38:03","slug":"autoformation-aide","status":"publish","type":"page","link":"https:\/\/site.csdessommets.qc.ca\/ressourcespourlesenseignantsetprofessionnels\/autoformation-aide\/","title":{"rendered":"Autoformations\/ Aide"},"content":{"rendered":"\n\t<p><img loading=\"lazy\" decoding=\"async\" src=\"https:\/\/site.csdessommets.qc.ca\/ressourcespourlesenseignantsetprofessionnels\/wp-content\/uploads\/sites\/468\/2020\/04\/\u00c9valuation-autoformation-300x39.jpg\" alt=\"\" width=\"300\" height=\"39\" \/>\u00a0Suite \u00e0 chacune de vos Autoformations, vous devez remplir le\u00a0<a href=\"https:\/\/forms.office.com\/Pages\/ResponsePage.aspx?id=qh_ezkKbmEeK0CYg8EX4HZ-8crK11OZMr_9ALrS3B15UOEJUWDNQTjZHWUFEVzRWN1BJNkpIVVgxMy4u\" target=\"_blank\" rel=\"noopener noreferrer\"><strong>formulaire d&rsquo;auto-\u00e9valuation<\/strong><\/a>.<\/p>\n\t<h1><img loading=\"lazy\" decoding=\"async\" src=\"https:\/\/site.csdessommets.qc.ca\/ressourcespourlesenseignantsetprofessionnels\/wp-content\/uploads\/sites\/468\/2020\/04\/O365microsoft-300x76.jpg\" alt=\"\" width=\"292\" height=\"74\" \/><\/h1>\n<hr \/>\n<p>&nbsp;<\/p>\n\t\t\t\t\t\t<h4>Autoformations<\/h4>\n\t\t\t<p>\u00a0<\/p>\n<ul>\n<li><a href=\"https:\/\/campus.recit.qc.ca\/teams\" target=\"_blank\" rel=\"noopener noreferrer\">TEAMS pour la classe<\/a> +++(Campus RECIT)<\/li>\n<li><a href=\"https:\/\/site.csdessommets.qc.ca\/plannumerique\/namaste-course\/office-365-onedrive\/\" target=\"_blank\" rel=\"noopener noreferrer\">OneDrive<\/a><\/li>\n<li><a href=\"https:\/\/site.csdessommets.qc.ca\/plannumerique\/namaste-course\/office-365-courrier-outlook\/\" target=\"_blank\" rel=\"noopener noreferrer\">Courrier Outlook<\/a><\/li>\n<li><a href=\"https:\/\/site.csdessommets.qc.ca\/plannumerique\/namaste-course\/office-365-calendrier-outlook\/\" target=\"_blank\" rel=\"noopener noreferrer\">Calendrier Outlook<\/a><\/li>\n<li><a href=\"https:\/\/site.csdessommets.qc.ca\/plannumerique\/namaste-course\/contacts-outlook\/\" target=\"_blank\" rel=\"noopener noreferrer\">Contacts Outlook<\/a><\/li>\n<li><a href=\"https:\/\/site.csdessommets.qc.ca\/plannumerique\/namaste-course\/office-365-onenote\/\" target=\"_blank\" rel=\"noopener noreferrer\">OneNote<\/a><\/li>\n<\/ul>\n\t\t\t\t\t\t<h4>Aide<\/h4>\n\t\t\t<p><a href=\"https:\/\/site.csdessommets.qc.ca\/o365\/tous-les-articles\/\">https:\/\/site.csdessommets.qc.ca\/o365\/tous-les-articles\/<\/a><\/p>\n\t<h1><img loading=\"lazy\" decoding=\"async\" src=\"https:\/\/site.csdessommets.qc.ca\/ressourcespourlesenseignantsetprofessionnels\/wp-content\/uploads\/sites\/468\/2020\/04\/campusRECIT.jpg\" alt=\"\" width=\"171\" height=\"81\" \/><\/h1>\n<hr \/>\n<p><a href=\"https:\/\/campus.recit.qc.ca\/course\/\" target=\"_blank\" rel=\"noopener noreferrer\">Une panoplie d&rsquo;autoformations disponibles sur l&rsquo;int\u00e9gration des TICs en g\u00e9n\u00e9ral et sp\u00e9cifiquemnt dans votre mati\u00e8re.<\/a><\/p>\n<p>*Certaines formations fonctionnent par badge<\/p>\n<p>&nbsp;<\/p>\n<p>\u00c0 titre d&rsquo;exemple:<\/p>\n\t\t\t\t\t\t<h4>Comp\u00e9tence TIC<\/h4>\n\t\t\t<ul>\n<li>Bo\u00eete \u00e0 ouTIC<\/li>\n<li>\u00c9criture collaborative<\/li>\n<li>R\u00e9seaux sociaux<\/li>\n<li>Organisateurs graphiques<\/li>\n<li>Programmation cr\u00e9ative<\/li>\n<li>M\u00e9dias sociaux<\/li>\n<li>Robotique et programmation<\/li>\n<li>Vid\u00e9o cr\u00e9ative<\/li>\n<\/ul>\n\t\t\t\t\t\t<h4>Strat\u00e9gies p\u00e9dagogiques<\/h4>\n\t\t\t<ul>\n<li>Conception universelle de l&rsquo;apprentissage<\/li>\n<li>Classe invers\u00e9e<\/li>\n<li>Diff\u00e9renciation p\u00e9dagogique<\/li>\n<li>Jeux d&rsquo;\u00e9vasion p\u00e9dagogiques<\/li>\n<li>Langages augment\u00e9s<\/li>\n<li>Ludification<\/li>\n<li>Pens\u00e9e design<\/li>\n<li>P\u00e9dagogie en am\u00e9nagement flexible<\/li>\n<li>R\u00e9troaction aux apprenants<\/li>\n<li>Savoir organiser ses apprentissages<\/li>\n<\/ul>\n\t\t\t\t\t\t<h4>Soutien aux apprenants<\/h4>\n\t\t\t<ul>\n<li>Gestion de classe<\/li>\n<\/ul>\n\t<h1><strong><img loading=\"lazy\" decoding=\"async\" src=\"https:\/\/site.csdessommets.qc.ca\/ressourcespourlesenseignantsetprofessionnels\/wp-content\/uploads\/sites\/468\/2020\/04\/cadre21-300x83.jpg\" alt=\"\" width=\"300\" height=\"83\" \/><\/strong><\/h1>\n<hr \/>\n<p>Pour vous inscrire: <a href=\"https:\/\/www.cadre21.org\/inscription\/\">https:\/\/www.cadre21.org\/inscription\/<\/a><\/p>\n<p>Il est \u00e0 noter que les formations de Cadre 21 fonctionnent par badges (niveaux), vous devez donc s\u00e9lectionner un badge lors de votre inscription \u00e0 une formation.<\/p>\n<p>Apper\u00e7u des contenus:<\/p>\n\t\t\t\t\t\t<h4>Flotte d&rsquo;appareils<\/h4>\n\t\t\t<ul>\n<li><a href=\"https:\/\/campus.recit.qc.ca\/course\/view.php?id=159\" target=\"_blank\" rel=\"noopener noreferrer\">Planification de l\u2019int\u00e9gration des technologies en anglais, langue seconde<\/a><\/li>\n<li><a href=\"https:\/\/campus.recit.qc.ca\/course\/view.php?id=160\" target=\"_blank\" rel=\"noopener noreferrer\">Activit\u00e9s cr\u00e9atives avec la tablette en univers social<\/a><\/li>\n<li><a href=\"https:\/\/campus.recit.qc.ca\/course\/view.php?id=161\" target=\"_blank\" rel=\"noopener noreferrer\">Appropriation p\u00e9dagogique de la tablette iPad<\/a><\/li>\n<li><a href=\"https:\/\/campus.recit.qc.ca\/course\/view.php?id=158\" target=\"_blank\" rel=\"noopener noreferrer\">Fonctions d\u2019aide \u00e0 l\u2019organisation du temps et des ressources int\u00e9gr\u00e9es \u00e0 la tablette iPad<\/a><\/li>\n<li><a href=\"https:\/\/campus.recit.qc.ca\/course\/view.php?id=100\" target=\"_blank\" rel=\"noopener noreferrer\">Fonctions d\u2019aide \u00e0 la lecture et \u00e0 l\u2019\u00e9criture int\u00e9gr\u00e9es au iPad<\/a><\/li>\n<li><a href=\"https:\/\/campus.recit.qc.ca\/course\/view.php?id=93\" target=\"_blank\" rel=\"noopener noreferrer\">L\u2019utilisation du Chromebook en classe<\/a><\/li>\n<li><a href=\"https:\/\/campus.recit.qc.ca\/course\/view.php?id=97\" target=\"_blank\" rel=\"noopener noreferrer\">Vocabulary Building Using ICT in English as a Second Language<\/a><\/li>\n<li><a href=\"https:\/\/campus.recit.qc.ca\/course\/view.php?id=60\" target=\"_blank\" rel=\"noopener noreferrer\">Jeux s\u00e9rieux en univers social<\/a><\/li>\n<li><a href=\"https:\/\/campus.recit.qc.ca\/course\/view.php?id=61\" target=\"_blank\" rel=\"noopener noreferrer\">Ligne du temps (BAnQ)<\/a><\/li>\n<li><a href=\"https:\/\/campus.recit.qc.ca\/course\/view.php?id=62\" target=\"_blank\" rel=\"noopener noreferrer\">Questionnaires interactifs en univers social<\/a><\/li>\n<\/ul>\n\t\t\t\t\t\t<h4>Laboratoire Cr\u00e9atif<\/h4>\n\t\t\t<ul>\n<li><a href=\"https:\/\/campus.recit.qc.ca\/course\/view.php?id=106\" target=\"_blank\" rel=\"noopener noreferrer\">Apprendre gr\u00e2ce \u00e0 la r\u00e9alit\u00e9 virtuelle<\/a><\/li>\n<li><a href=\"https:\/\/campus.recit.qc.ca\/course\/view.php?id=3\" target=\"_blank\" rel=\"noopener noreferrer\">Arduino<\/a><\/li>\n<li><a href=\"https:\/\/campus.recit.qc.ca\/course\/view.php?id=89\" target=\"_blank\" rel=\"noopener noreferrer\">Logiciel de dessin Inventor<\/a><\/li>\n<li><a href=\"https:\/\/campus.recit.qc.ca\/course\/view.php?id=75\" target=\"_blank\" rel=\"noopener noreferrer\">Cr\u00e9er et appr\u00e9cier en r\u00e9alit\u00e9 virtuelle et augment\u00e9e<\/a><\/li>\n<li><a href=\"https:\/\/campus.recit.qc.ca\/course\/view.php?id=91\" target=\"_blank\" rel=\"noopener noreferrer\">Dessiner en 3D avec Tinkercad<\/a><\/li>\n<li><a href=\"https:\/\/campus.recit.qc.ca\/course\/view.php?id=104\" target=\"_blank\" rel=\"noopener noreferrer\">Mod\u00e9lisation et impression 3D<\/a><\/li>\n<li><a href=\"https:\/\/campus.recit.qc.ca\/course\/view.php?id=105\" target=\"_blank\" rel=\"noopener noreferrer\">Dessin 3D avec Onshape<\/a><\/li>\n<li><a href=\"https:\/\/campus.recit.qc.ca\/course\/view.php?id=52\" target=\"_blank\" rel=\"noopener noreferrer\">R\u00e9alit\u00e9 virtuelle en univers social<\/a><\/li>\n<li><a href=\"https:\/\/campus.recit.qc.ca\/course\/view.php?id=89\" target=\"_blank\" rel=\"noopener noreferrer\">Logiciel de dessin Inventor<\/a><\/li>\n<li><a href=\"https:\/\/campus.recit.qc.ca\/course\/view.php?id=173\" target=\"_blank\" rel=\"noopener noreferrer\">Premiers pas avec Squishy Circuits<\/a><\/li>\n<\/ul>\n\t\t\t\t\t\t<h4>Robotique<\/h4>\n\t\t\t<ul>\n<li><a href=\"https:\/\/campus.recit.qc.ca\/pan-robotique\/blue-bot\" target=\"_blank\" rel=\"noopener noreferrer\">Les premiers pas avec l&rsquo;abeille \u00ab Blue-Bot \u00bb<\/a><\/li>\n<li><a href=\"https:\/\/campus.recit.qc.ca\/pan-robotique\/ev-3\" target=\"_blank\" rel=\"noopener noreferrer\">Les premiers pas avec l&rsquo;ensemble de robotique de Lego \u00ab Mindstorms EV 3 \u00bb<\/a><\/li>\n<li><a href=\"https:\/\/campus.recit.qc.ca\/pan-robotique\/wedo2-0\" target=\"_blank\" rel=\"noopener noreferrer\">Les premiers pas avec l&rsquo;ensemble de robotique \u00ab WeDo 2.0 \u00bb<\/a><\/li>\n<li><a href=\"https:\/\/campus.recit.qc.ca\/pan-robotique\/sphero\" target=\"_blank\" rel=\"noopener noreferrer\">Premiers pas avec Sphero et SPRK+<\/a><\/li>\n<\/ul>\n\t<p><img loading=\"lazy\" decoding=\"async\" src=\"https:\/\/site.csdessommets.qc.ca\/ressourcespourlesenseignantsetprofessionnels\/wp-content\/uploads\/sites\/468\/2020\/04\/MOZAIKBOOT-300x166.jpg\" alt=\"\" width=\"300\" height=\"166\" \/><\/p>\n<p>Bootcamp virtuel pour les enseignants qui se d\u00e9roulera<\/p>\n<p><strong>du 2 au 17 avril 2020<\/strong>:<\/p>\n<ul>\n<li>des webinaires informatifs pour vous approprier Moza\u00efk-Portail<\/li>\n<li>des sessions de Q&amp;R en direct.<\/li>\n<\/ul>\n<p>&nbsp;<\/p>\n\t\t\t\t\t\t<h4>Acc\u00e9der \u00e0 l\u2019horaire ou aux activit\u00e9s<\/h4>\n\t\t\t<p><strong><a href=\"https:\/\/grics.ca\/mozaikportail\/\" target=\"_blank\" rel=\"noopener noreferrer\">grics.ca\/mozaikportail<\/a><\/strong><\/p>\n\t\t\t\t\t\t<h4>Acc\u00e8s aux webinaires en diff\u00e9r\u00e9<\/h4>\n\t\t\t<p><a href=\"https:\/\/www.youtube.com\/watch?v=Ui1-zhpZg2o\" target=\"_blank\" rel=\"noopener noreferrer\">Atelier pr\u00e9paratoire au Bootcamp<\/a><\/p>\n<p><a href=\"https:\/\/www.youtube.com\/watch?v=PtrC6AuPVVI\" target=\"_blank\" rel=\"noopener noreferrer\">Outils de communication<\/a><\/p>\n<p><a href=\"https:\/\/www.youtube.com\/watch?v=w93BGTVp-yc\" target=\"_blank\" rel=\"noopener noreferrer\">Utilisez la planification pour afficher devoirs et le\u00e7ons<\/a><\/p>\n<p><a href=\"https:\/\/www.youtube.com\/watch?v=uHKvx8jl0gU\" target=\"_blank\" rel=\"noopener noreferrer\">Apprenez \u00e0 g\u00e9rer et partager vos ressources<\/a><\/p>\n","protected":false},"excerpt":{"rendered":"<p>\u00a0Suite \u00e0 chacune de vos Autoformations, vous devez remplir le\u00a0formulaire d&rsquo;auto-\u00e9valuation. &nbsp; Autoformations \u00a0 TEAMS pour la classe +++(Campus RECIT) OneDrive Courrier Outlook Calendrier Outlook Contacts Outlook OneNote Aide  Une panoplie d&rsquo;autoformations disponibles sur l&rsquo;int\u00e9gration des TICs en g\u00e9n\u00e9ral et sp\u00e9cifiquemnt dans votre mati\u00e8re. *Certaines formations fonctionnent par badge &nbsp; \u00c0 titre d&rsquo;exemple: Comp\u00e9tence&hellip;<\/p>\n","protected":false},"author":1825,"featured_media":0,"parent":0,"menu_order":0,"comment_status":"closed","ping_status":"closed","template":"","meta":{"footnotes":""},"class_list":["post-18","page","type-page","status-publish","hentry"],"_links":{"self":[{"href":"https:\/\/site.csdessommets.qc.ca\/ressourcespourlesenseignantsetprofessionnels\/wp-json\/wp\/v2\/pages\/18","targetHints":{"allow":["GET"]}}],"collection":[{"href":"https:\/\/site.csdessommets.qc.ca\/ressourcespourlesenseignantsetprofessionnels\/wp-json\/wp\/v2\/pages"}],"about":[{"href":"https:\/\/site.csdessommets.qc.ca\/ressourcespourlesenseignantsetprofessionnels\/wp-json\/wp\/v2\/types\/page"}],"author":[{"embeddable":true,"href":"https:\/\/site.csdessommets.qc.ca\/ressourcespourlesenseignantsetprofessionnels\/wp-json\/wp\/v2\/users\/1825"}],"replies":[{"embeddable":true,"href":"https:\/\/site.csdessommets.qc.ca\/ressourcespourlesenseignantsetprofessionnels\/wp-json\/wp\/v2\/comments?post=18"}],"version-history":[{"count":25,"href":"https:\/\/site.csdessommets.qc.ca\/ressourcespourlesenseignantsetprofessionnels\/wp-json\/wp\/v2\/pages\/18\/revisions"}],"predecessor-version":[{"id":184,"href":"https:\/\/site.csdessommets.qc.ca\/ressourcespourlesenseignantsetprofessionnels\/wp-json\/wp\/v2\/pages\/18\/revisions\/184"}],"wp:attachment":[{"href":"https:\/\/site.csdessommets.qc.ca\/ressourcespourlesenseignantsetprofessionnels\/wp-json\/wp\/v2\/media?parent=18"}],"curies":[{"name":"wp","href":"https:\/\/api.w.org\/{rel}","templated":true}]}}