{"id":20,"date":"2020-03-31T11:54:30","date_gmt":"2020-03-31T15:54:30","guid":{"rendered":"https:\/\/site.csdessommets.qc.ca\/ressourcespourlesenseignantsetprofessionnels\/ressources-pedagogiques\/"},"modified":"2020-04-27T04:55:52","modified_gmt":"2020-04-27T08:55:52","slug":"ressources-pedagogiques","status":"publish","type":"page","link":"https:\/\/site.csdessommets.qc.ca\/ressourcespourlesenseignantsetprofessionnels\/ressources-pedagogiques\/","title":{"rendered":"Ressources p\u00e9dagogiques"},"content":{"rendered":"\n\t\t\t<a href=\"http:\/\/recit.qc.ca\/\" target=\"_blank\" rel=\"noopener noreferrer\" role=\"button\">\n\t\t\t\t\t\t\t\t<img decoding=\"async\" src=\"https:\/\/site.csdessommets.qc.ca\/ressourcespourlesenseignantsetprofessionnels\/wp-content\/uploads\/sites\/468\/2020\/04\/R\u00e9cit.jpg\" \/>\n\t\t\t\t\t\t\t\tRECITS NATIONAUX\n\t\t<\/a>\n\t<p>Liens vers les R\u00c9CITS nationaux:<\/p>\n\t\t\t\t\t\t<h4>Adaptation scolaire<\/h4>\n\t\t\t<p><a href=\"http:\/\/www.recitas.ca\/\" target=\"_blank\" rel=\"noopener noreferrer\">http:\/\/www.recitas.ca\/<\/a><\/p>\n<p><a href=\"http:\/\/recitas.ca\/tic-en-vrac\/\" target=\"_blank\" rel=\"noopener noreferrer\">http:\/\/recitas.ca\/tic-en-vrac\/<\/a><\/p>\n\t\t\t\t\t\t<h4>Domaine Math \/ Sciences<\/h4>\n\t\t\t<p><a href=\"https:\/\/recitmst.qc.ca\/\" target=\"_blank\" rel=\"noopener noreferrer\">https:\/\/recitmst.qc.ca\/<\/a><\/p>\n\t\t\t\t\t\t<h4>Domaine de l\u2019univers social<\/h4>\n\t\t\t<p><a href=\"https:\/\/www.recitus.qc.ca\/\" target=\"_blank\" rel=\"noopener noreferrer\">https:\/\/www.recitus.qc.ca\/<\/a><\/p>\n\t\t\t\t\t\t<h4>Domaine des langues<\/h4>\n\t\t\t<p><a href=\"http:\/\/www.domainelangues.qc.ca\/\" target=\"_blank\" rel=\"noopener noreferrer\">http:\/\/www.domainelangues.qc.ca\/<\/a><\/p>\n<p><a href=\"https:\/\/www.reseaupedagonumerique.ca\/fr\/\" target=\"_blank\" rel=\"noopener noreferrer\">https:\/\/www.reseaupedagonumerique.ca\/fr\/<\/a><\/p>\n<p><a href=\"http:\/\/beyondthetools.com\/\" target=\"_blank\" rel=\"noopener noreferrer\">http:\/\/beyondthetools.com\/<\/a><\/p>\n<p><a href=\"http:\/\/www.learnquebec.ca\/\" target=\"_blank\" rel=\"noopener noreferrer\">http:\/\/www.learnquebec.ca\/<\/a><\/p>\n\t\t\t\t\t\t<h4>Domaine du d\u00e9veloppement de la personne (\u00c9PS. ECR. Sexo&#8230;)<\/h4>\n\t\t\t<p><a href=\"http:\/\/www.recitdp.qc.ca\/\" target=\"_blank\" rel=\"noopener noreferrer\">http:\/\/www.recitdp.qc.ca\/<\/a><\/p>\n<p><a href=\"http:\/\/recit.qc.ca\/personnes-ressources\/youtube.com\/user\/recitdp\" target=\"_blank\" rel=\"noopener noreferrer\">http:\/\/recit.qc.ca\/personnes-ressources\/youtube.com\/user\/recitdp<\/a><\/p>\n<p><a href=\"https:\/\/cp.feep.qc.ca\/\" target=\"_blank\" rel=\"noopener noreferrer\">https:\/\/cp.feep.qc.ca\/<\/a><\/p>\n<p><a href=\"http:\/\/recit.qc.ca\/channel\/UCSMRR2L_5tMEnBCtef4nfRg\" target=\"_blank\" rel=\"noopener noreferrer\">http:\/\/recit.qc.ca\/channel\/UCSMRR2L_5tMEnBCtef4nfRg<\/a><\/p>\n<p><a href=\"https:\/\/sites.google.com\/view\/resteactif\/accueil\" target=\"_blank\" rel=\"noopener noreferrer\">https:\/\/sites.google.com\/view\/resteactif\/accueil<\/a><\/p>\n\t\t\t\t\t\t<h4>\u00c9ducation pr\u00e9scolaire<\/h4>\n\t\t\t<p><a href=\"http:\/\/recitpresco.qc.ca\/\" target=\"_blank\" rel=\"noopener noreferrer\">http:\/\/recitpresco.qc.ca\/<\/a><\/p>\n\t\t\t<a href=\"https:\/\/www.ecoleouverte.ca\/fr\/\" target=\"_blank\" rel=\"noopener noreferrer\" role=\"button\">\n\t\t\t\t\t\t\t\t<img decoding=\"async\" src=\"https:\/\/site.csdessommets.qc.ca\/ressourcespourlesenseignantsetprofessionnels\/wp-content\/uploads\/sites\/468\/2020\/04\/\u00e9cole-ouverte.jpg\" \/>\n\t\t\t\t\t\t\t\tL&rsquo;\u00e9cole ouverte\n\t\t<\/a>\n\t\t\t<a href=\"http:\/\/www.alloprof.qc.ca\/\" target=\"_blank\" rel=\"noopener noreferrer\" role=\"button\">\n\t\t\t\t\t\t\t\t<img decoding=\"async\" src=\"https:\/\/site.csdessommets.qc.ca\/ressourcespourlesenseignantsetprofessionnels\/wp-content\/uploads\/sites\/468\/2020\/04\/allo.jpg\" \/>\n\t\t\t\t\t\t\t\tAllo Prof\n\t\t<\/a>\n\t<p><a href=\"https:\/\/cyberrevisions.alloprof.qc.ca\/diffusions\" target=\"_blank\" rel=\"noopener noreferrer\">Cyberr\u00e9visions<\/a><\/p>\n\t\t\t<a href=\"https:\/\/carrefour-education.qc.ca\/\" target=\"_blank\" rel=\"noopener noreferrer\" role=\"button\">\n\t\t\t\t\t\t\t\t<img decoding=\"async\" src=\"https:\/\/site.csdessommets.qc.ca\/ressourcespourlesenseignantsetprofessionnels\/wp-content\/uploads\/sites\/468\/2020\/04\/carrefour\u00e9du-245x300.jpg\" \/>\n\t\t\t\t\t\t\t\tCarrefour \u00e9ducation\n\t\t<\/a>\n\t\t\t<a href=\"https:\/\/site.csdessommets.qc.ca\/carrefourpedagogique\/\" target=\"_blank\" rel=\"noopener noreferrer\" role=\"button\">\n\t\t\t\t\t\t\t\t<img decoding=\"async\" src=\"https:\/\/site.csdessommets.qc.ca\/ressourcespourlesenseignantsetprofessionnels\/wp-content\/uploads\/sites\/468\/2020\/04\/carrefour.jpg\" \/>\n\t\t\t\t\t\t\t\tCarrefour p\u00e9dagogique CSS\n\t\t<\/a>\n\t\t\t<a href=\"https:\/\/site.csdessommets.qc.ca\/ressourcescovid19\/\" target=\"_blank\" rel=\"noopener noreferrer\" role=\"button\">\n\t\t\t\t\t\t\t\t<img decoding=\"async\" src=\"https:\/\/site.csdessommets.qc.ca\/ressourcespourlesenseignantsetprofessionnels\/wp-content\/uploads\/sites\/468\/2020\/04\/LogoCSS.jpg\" \/>\n\t\t\t\t\t\t\t\tRessources Parents\n\t\t<\/a>\n\t\t\t<a href=\"https:\/\/bim.grics.ca\" target=\"_blank\" rel=\"noopener noreferrer\" role=\"button\">\n\t\t\t\t\t\t\t\t<img decoding=\"async\" src=\"https:\/\/site.csdessommets.qc.ca\/ressourcespourlesenseignantsetprofessionnels\/wp-content\/uploads\/sites\/468\/2020\/04\/BIM.jpg\" \/>\n\t\t\t\t\t\t\t\tOutils \u00e9valuation\n\t\t<\/a>\n\t\t\t<a href=\"https:\/\/resnum.csdessommets.qc.ca\/\" target=\"_blank\" rel=\"noopener noreferrer\" role=\"button\">\n\t\t\t\t\t\t\t\t<img decoding=\"async\" src=\"https:\/\/site.csdessommets.qc.ca\/ressourcespourlesenseignantsetprofessionnels\/wp-content\/uploads\/sites\/468\/2020\/04\/ressources-num\u00e9riques-CSS.jpg\" \/>\n\t\t\t\t\t\t\t\tGuides des ressources num\u00e9riques CSS\n\t\t<\/a>\n\t\t\t<a href=\"http:\/\/jeunes.banq.qc.ca\/pj\/\" target=\"_blank\" rel=\"noopener noreferrer\" role=\"button\">\n\t\t\t\t\t\t\t\t<img decoding=\"async\" src=\"https:\/\/site.csdessommets.qc.ca\/ressourcespourlesenseignantsetprofessionnels\/wp-content\/uploads\/sites\/468\/2020\/04\/BANQ.jpg\" \/>\n\t\t\t\t\t\t\t\tBANQ Espace jeunes\n\t\t<\/a>\n\t\t\t<a href=\"https:\/\/enclasse.telequebec.tv\/\" target=\"_blank\" rel=\"noopener noreferrer\" role=\"button\">\n\t\t\t\t\t\t\t\t<img decoding=\"async\" src=\"https:\/\/site.csdessommets.qc.ca\/ressourcespourlesenseignantsetprofessionnels\/wp-content\/uploads\/sites\/468\/2020\/04\/TQ.jpg\" \/>\n\t\t\t\t\t\t\t\tPlateforme T\u00e9l\u00e9-Qu\u00e9bec\n\t\t<\/a>\n\t<p><a href=\"https:\/\/site.csdessommets.qc.ca\/ressourcespourlesenseignantsetprofessionnels\/wp-content\/uploads\/sites\/468\/2020\/04\/TQcClasse_Feuillet_final.pdf\" target=\"_blank\" rel=\"noopener noreferrer\">Programmation<\/a><\/p>\n\t<p>Liens vers des ressources des autres CS :<\/p>\n<p><a href=\"https:\/\/padlet.com\/CSDC\/ressourcesparents\">https:\/\/padlet.com\/CSDC\/ressourcesparents<\/a><\/p>\n<p><a href=\"https:\/\/sites.google.com\/cslaval.qc.ca\/trousse-numrique-csdl\/accueil?authuser=0\">https:\/\/sites.google.com\/cslaval.qc.ca\/trousse-numrique-csdl\/accueil?authuser=0<\/a><\/p>\n<p>&nbsp;<\/p>\n<p>&nbsp;<\/p>\n","protected":false},"excerpt":{"rendered":"<p>RECITS NATIONAUX Liens vers les R\u00c9CITS nationaux: Adaptation scolaire   Domaine Math \/ Sciences  Domaine de l\u2019univers social  Domaine des langues     Domaine du d\u00e9veloppement de la personne (\u00c9PS. ECR. Sexo&#8230;)      \u00c9ducation pr\u00e9scolaire  L&rsquo;\u00e9cole ouverte Allo Prof Cyberr\u00e9visions Carrefour \u00e9ducation Carrefour p\u00e9dagogique CSS&hellip;<\/p>\n","protected":false},"author":1825,"featured_media":0,"parent":0,"menu_order":0,"comment_status":"closed","ping_status":"closed","template":"","meta":{"footnotes":""},"class_list":["post-20","page","type-page","status-publish","hentry"],"_links":{"self":[{"href":"https:\/\/site.csdessommets.qc.ca\/ressourcespourlesenseignantsetprofessionnels\/wp-json\/wp\/v2\/pages\/20","targetHints":{"allow":["GET"]}}],"collection":[{"href":"https:\/\/site.csdessommets.qc.ca\/ressourcespourlesenseignantsetprofessionnels\/wp-json\/wp\/v2\/pages"}],"about":[{"href":"https:\/\/site.csdessommets.qc.ca\/ressourcespourlesenseignantsetprofessionnels\/wp-json\/wp\/v2\/types\/page"}],"author":[{"embeddable":true,"href":"https:\/\/site.csdessommets.qc.ca\/ressourcespourlesenseignantsetprofessionnels\/wp-json\/wp\/v2\/users\/1825"}],"replies":[{"embeddable":true,"href":"https:\/\/site.csdessommets.qc.ca\/ressourcespourlesenseignantsetprofessionnels\/wp-json\/wp\/v2\/comments?post=20"}],"version-history":[{"count":16,"href":"https:\/\/site.csdessommets.qc.ca\/ressourcespourlesenseignantsetprofessionnels\/wp-json\/wp\/v2\/pages\/20\/revisions"}],"predecessor-version":[{"id":203,"href":"https:\/\/site.csdessommets.qc.ca\/ressourcespourlesenseignantsetprofessionnels\/wp-json\/wp\/v2\/pages\/20\/revisions\/203"}],"wp:attachment":[{"href":"https:\/\/site.csdessommets.qc.ca\/ressourcespourlesenseignantsetprofessionnels\/wp-json\/wp\/v2\/media?parent=20"}],"curies":[{"name":"wp","href":"https:\/\/api.w.org\/{rel}","templated":true}]}}