{"id":22,"date":"2020-03-31T11:54:51","date_gmt":"2020-03-31T15:54:51","guid":{"rendered":"https:\/\/site.csdessommets.qc.ca\/ressourcespourlesenseignantsetprofessionnels\/autres-ressources\/"},"modified":"2021-08-25T09:51:36","modified_gmt":"2021-08-25T13:51:36","slug":"autres-ressources","status":"publish","type":"page","link":"https:\/\/site.csdessommets.qc.ca\/ressourcespourlesenseignantsetprofessionnels\/autres-ressources\/","title":{"rendered":"Autres ressources"},"content":{"rendered":"\n\t<p><img loading=\"lazy\" decoding=\"async\" src=\"https:\/\/site.csdessommets.qc.ca\/ressourcespourlesenseignantsetprofessionnels\/wp-content\/uploads\/sites\/468\/2020\/04\/CEC.jpg\" alt=\"\" width=\"251\" height=\"119\" \/><a href=\"https:\/\/cheneliere.ca\/\" target=\"_blank\" rel=\"noopener noreferrer\">https:\/\/cheneliere.ca\/<\/a><\/p>\n\t<p><img loading=\"lazy\" decoding=\"async\" src=\"https:\/\/site.csdessommets.qc.ca\/ressourcespourlesenseignantsetprofessionnels\/wp-content\/uploads\/sites\/468\/2020\/04\/Grandduc.jpg\" alt=\"\" width=\"255\" height=\"34\" \/><a href=\"https:\/\/www.grandducenligne.com\/fr\/collections\/gratuites-covid-19\" target=\"_blank\" rel=\"noopener noreferrer\">https:\/\/www.grandducenligne.com\/fr\/collections\/gratuites-covid-19<\/a><\/p>\n\t<p><img loading=\"lazy\" decoding=\"async\" src=\"https:\/\/site.csdessommets.qc.ca\/ressourcespourlesenseignantsetprofessionnels\/wp-content\/uploads\/sites\/468\/2020\/04\/Zone-CEC.jpg\" alt=\"\" width=\"163\" height=\"102\" \/><\/p>\n<p><a href=\"https:\/\/mazonecec.com\/mon-sac-decole-virtuel\">https:\/\/mazonecec.com\/mon-sac-decole-virtuel<\/a><\/p>\n<p>&nbsp;<\/p>\n\t\t\t<a href=\"#\" id=\"fl-accordion--label-0\">Webinaire : capsules vid\u00e9os<\/a>\n\t\t\t\t\t\t\t<a href=\"#\" id=\"fl-accordion--icon-0\"><i>Expand<\/i><\/a>\n\t\t<p><a href=\"https:\/\/can01.safelinks.protection.outlook.com\/?url=https%3A%2F%2Fvimeo.com%2F407972039&amp;data=02%7C01%7CAmelie.Boulet%40ceceditions.com%7Ca881a86aa7744643d4ac08d7e14a1b32%7Cab99655f345048938049a14b4d502b68%7C1%7C0%7C637225580705434898&amp;sdata=c6Ut4VBqUG70oRvd%2FYDw3xSUmjjf13f2xeGPSFnxGVE%3D&amp;reserved=0\" target=\"_blank\" rel=\"noopener noreferrer\">Acc\u00e9der au cahier num\u00e9rique d\u2019un \u00e9l\u00e8ve<\/a><\/p>\n<p><a href=\"https:\/\/can01.safelinks.protection.outlook.com\/?url=https%3A%2F%2Fvimeo.com%2F407973071&amp;data=02%7C01%7CAmelie.Boulet%40ceceditions.com%7Ca881a86aa7744643d4ac08d7e14a1b32%7Cab99655f345048938049a14b4d502b68%7C1%7C0%7C637225580705444889&amp;sdata=hOra1JGXr1KkpRVxJ3RHe4lYpICayHeb%2F3ZwWux%2Flcc%3D&amp;reserved=0\" target=\"_blank\" rel=\"noopener noreferrer\">Cahier num\u00e9rique- partage de notes<\/a><\/p>\n<p><a href=\"https:\/\/can01.safelinks.protection.outlook.com\/?url=https%3A%2F%2Fvimeo.com%2F407973658&amp;data=02%7C01%7CAmelie.Boulet%40ceceditions.com%7Ca881a86aa7744643d4ac08d7e14a1b32%7Cab99655f345048938049a14b4d502b68%7C1%7C0%7C637225580705444889&amp;sdata=XqCYcCTVDQA9LE2y2qb%2FdAiAwU4TG1FI6s5JWkR0qlA%3D&amp;reserved=0\" target=\"_blank\" rel=\"noopener noreferrer\">Cr\u00e9ation d\u2019un compte MZ CEC<\/a><\/p>\n<p><a href=\"https:\/\/can01.safelinks.protection.outlook.com\/?url=https%3A%2F%2Fvimeo.com%2F407974416&amp;data=02%7C01%7CAmelie.Boulet%40ceceditions.com%7Ca881a86aa7744643d4ac08d7e14a1b32%7Cab99655f345048938049a14b4d502b68%7C1%7C0%7C637225580705454884&amp;sdata=rO1u09qbvtvHgUgmwfxxTRZDJ6nwTT6PlrdmhaUf8T8%3D&amp;reserved=0\" target=\"_blank\" rel=\"noopener noreferrer\">Cr\u00e9ation d\u2019un groupe<\/a><\/p>\n<p><a href=\"https:\/\/can01.safelinks.protection.outlook.com\/?url=https%3A%2F%2Fvimeo.com%2F407974883&amp;data=02%7C01%7CAmelie.Boulet%40ceceditions.com%7Ca881a86aa7744643d4ac08d7e14a1b32%7Cab99655f345048938049a14b4d502b68%7C1%7C0%7C637225580705454884&amp;sdata=57LjfXkjR6%2F9F%2FZUej1wDvNGi%2BOAfpp0jTrZvsSmNNo%3D&amp;reserved=0\" target=\"_blank\" rel=\"noopener noreferrer\">\u00c9l\u00e8ve Comment joindre un groupe<\/a><\/p>\n<p><a href=\"https:\/\/can01.safelinks.protection.outlook.com\/?url=https%3A%2F%2Fvimeo.com%2F407975143&amp;data=02%7C01%7CAmelie.Boulet%40ceceditions.com%7Ca881a86aa7744643d4ac08d7e14a1b32%7Cab99655f345048938049a14b4d502b68%7C1%7C0%7C637225580705464880&amp;sdata=YbqHQYPj%2F03EOPGbhoKpUEV72%2Bz1G5bbWLHMkN%2Fc6YM%3D&amp;reserved=0\" target=\"_blank\" rel=\"noopener noreferrer\">R\u00e9glages des exercices interactifs<\/a><\/p>\n\t<p><img loading=\"lazy\" decoding=\"async\" src=\"https:\/\/site.csdessommets.qc.ca\/ressourcespourlesenseignantsetprofessionnels\/wp-content\/uploads\/sites\/468\/2020\/04\/PearsonERPI.jpg\" alt=\"\" width=\"208\" height=\"73\" \/><a href=\"https:\/\/www.pearsonerpi.com\/fr\/apprendre-et-enseigner-ou-que-vous-soyez\" target=\"_blank\" rel=\"noopener noreferrer\">https:\/\/www.pearsonerpi.com\/fr\/apprendre-et-enseigner-ou-que-vous-soyez<\/a><\/p>\n\t<p><img loading=\"lazy\" decoding=\"async\" src=\"https:\/\/site.csdessommets.qc.ca\/ressourcespourlesenseignantsetprofessionnels\/wp-content\/uploads\/sites\/468\/2020\/04\/netmath.jpg\" alt=\"\" width=\"254\" height=\"76\" \/><a href=\"https:\/\/www.netmath.ca\/fr-ca\/\" target=\"_blank\" rel=\"noopener noreferrer\">https:\/\/www.netmath.ca\/fr-ca\/<\/a><\/p>\n\t<p><img loading=\"lazy\" decoding=\"async\" src=\"https:\/\/site.csdessommets.qc.ca\/ressourcespourlesenseignantsetprofessionnels\/wp-content\/uploads\/sites\/468\/2020\/04\/khna-acad\u00e9my.jpg\" alt=\"\" width=\"233\" height=\"62\" \/><a href=\"https:\/\/fr.khanacademy.org\/\" target=\"_blank\" rel=\"noopener noreferrer\">https:\/\/fr.khanacademy.org\/<\/a><\/p>\n\t<p><a href=\"https:\/\/www.classdojo.com\/fr-fr\/?redirect=true\"><img loading=\"lazy\" decoding=\"async\" src=\"https:\/\/site.csdessommets.qc.ca\/ressourcespourlesenseignantsetprofessionnels\/wp-content\/uploads\/sites\/468\/2020\/04\/dojo-300x173.jpg\" alt=\"\" width=\"300\" height=\"173\" \/><\/a><\/p>\n<p><a href=\"https:\/\/www.classdojo.com\/fr-ca\/\" target=\"_blank\" rel=\"noopener noreferrer\">https:\/\/www.classdojo.com\/fr-ca\/<\/a><\/p>\n\t<p><img loading=\"lazy\" decoding=\"async\" src=\"https:\/\/site.csdessommets.qc.ca\/ressourcespourlesenseignantsetprofessionnels\/wp-content\/uploads\/sites\/468\/2020\/04\/Classcraft-300x202.jpg\" alt=\"\" width=\"300\" height=\"202\" \/><a href=\"https:\/\/www.classcraft.com\/fr\/\" target=\"_blank\" rel=\"noopener noreferrer\">https:\/\/www.classcraft.com\/fr\/<\/a><\/p>\n\t<p><a href=\"https:\/\/www.cadre21.org\/ressources\/12-conseils-pratiques-pour-le-travail-a-la-maison\/\" target=\"_blank\" rel=\"noopener noreferrer\">12 conseils pratiques pour le travail \u00e0 la maison<\/a><\/p>\n\t<p><a href=\"https:\/\/sites.google.com\/cslaval.qc.ca\/trousse-numrique-csdl\/ressources-libres-de-droit?authuser=0\" target=\"_blank\" rel=\"noopener noreferrer\">Ressources libres de droits<\/a><\/p>\n","protected":false},"excerpt":{"rendered":"<p>   &nbsp; Webinaire : capsules vid\u00e9os Expand Acc\u00e9der au cahier num\u00e9rique d\u2019un \u00e9l\u00e8ve Cahier num\u00e9rique- partage de notes Cr\u00e9ation d\u2019un compte MZ CEC Cr\u00e9ation d\u2019un groupe \u00c9l\u00e8ve Comment joindre un groupe R\u00e9glages des exercices interactifs      12 conseils pratiques pour le travail \u00e0 la maison Ressources libres de droits<\/p>\n","protected":false},"author":1825,"featured_media":0,"parent":0,"menu_order":0,"comment_status":"closed","ping_status":"closed","template":"","meta":{"footnotes":""},"class_list":["post-22","page","type-page","status-publish","hentry"],"_links":{"self":[{"href":"https:\/\/site.csdessommets.qc.ca\/ressourcespourlesenseignantsetprofessionnels\/wp-json\/wp\/v2\/pages\/22","targetHints":{"allow":["GET"]}}],"collection":[{"href":"https:\/\/site.csdessommets.qc.ca\/ressourcespourlesenseignantsetprofessionnels\/wp-json\/wp\/v2\/pages"}],"about":[{"href":"https:\/\/site.csdessommets.qc.ca\/ressourcespourlesenseignantsetprofessionnels\/wp-json\/wp\/v2\/types\/page"}],"author":[{"embeddable":true,"href":"https:\/\/site.csdessommets.qc.ca\/ressourcespourlesenseignantsetprofessionnels\/wp-json\/wp\/v2\/users\/1825"}],"replies":[{"embeddable":true,"href":"https:\/\/site.csdessommets.qc.ca\/ressourcespourlesenseignantsetprofessionnels\/wp-json\/wp\/v2\/comments?post=22"}],"version-history":[{"count":11,"href":"https:\/\/site.csdessommets.qc.ca\/ressourcespourlesenseignantsetprofessionnels\/wp-json\/wp\/v2\/pages\/22\/revisions"}],"predecessor-version":[{"id":202,"href":"https:\/\/site.csdessommets.qc.ca\/ressourcespourlesenseignantsetprofessionnels\/wp-json\/wp\/v2\/pages\/22\/revisions\/202"}],"wp:attachment":[{"href":"https:\/\/site.csdessommets.qc.ca\/ressourcespourlesenseignantsetprofessionnels\/wp-json\/wp\/v2\/media?parent=22"}],"curies":[{"name":"wp","href":"https:\/\/api.w.org\/{rel}","templated":true}]}}