{"id":3,"date":"2020-03-31T14:37:36","date_gmt":"2020-03-31T18:37:36","guid":{"rendered":"https:\/\/site.csdessommets.qc.ca\/ressourcespourlesenseignantsetprofessionnels\/accueil\/"},"modified":"2022-09-22T10:46:45","modified_gmt":"2022-09-22T14:46:45","slug":"accueil","status":"publish","type":"page","link":"https:\/\/site.csdessommets.qc.ca\/ressourcespourlesenseignantsetprofessionnels\/","title":{"rendered":"Apprentissages \u00e0 prioriser"},"content":{"rendered":"\n<h2>\n\t\tAnn\u00e9e scolaire 2022-2023 &#8211; Apprentissages \u00e0 prioriser\n\t<\/h2>\n\t<p>Le MEQ a pris la d\u00e9cision de reconduire les m\u00eames apprentissages \u00e0 prioriser que l&rsquo;an dernier pour la pr\u00e9sente ann\u00e9e scolaire. Nous ne changerons pas les titres, mais sachez que tous les documents fournis ici pour 2021-22 sont valables pour 2022-23.\u00a0<\/p>\n<p>Documents du MEQ s\u00e9par\u00e9s par cycles ou par programmes<\/p>\n<p><strong><a href=\"http:\/\/www.education.gouv.qc.ca\/enseignants\/apprentissages-a-prioriser\/\" target=\"_blank\" rel=\"noopener\">Lien vers tous les documents du MEQ<\/a><\/strong><\/p>\n\t\t\t<a href=\"https:\/\/site.csdessommets.qc.ca\/ressourcespourlesenseignantsetprofessionnels\/primaire-1er-cycle-21-22\/\" target=\"_blank\" role=\"button\" rel=\"noopener\">\n\t\t\t\t\t\t\tDocuments primaire 1er cycle 2022-23\n\t\t\t\t\t<\/a>\n\t\t\t<a href=\"https:\/\/site.csdessommets.qc.ca\/ressourcespourlesenseignantsetprofessionnels\/primaire-2e-cycle-21-22\/\" target=\"_blank\" role=\"button\" rel=\"noopener\">\n\t\t\t\t\t\t\tDocuments primaire 2e cycle 2022-23\n\t\t\t\t\t<\/a>\n\t\t\t<a href=\"https:\/\/site.csdessommets.qc.ca\/ressourcespourlesenseignantsetprofessionnels\/primaire-3e-cycle-21-22\/\" target=\"_blank\" role=\"button\" rel=\"noopener\">\n\t\t\t\t\t\t\tDocuments primaire 3e cycle 2022-23\n\t\t\t\t\t<\/a>\n\t\t\t<a href=\"https:\/\/site.csdessommets.qc.ca\/ressourcespourlesenseignantsetprofessionnels\/wp-content\/uploads\/sites\/468\/2021\/08\/Guide-apprentissages-prioritaires-secondaire-francais-2021-2022.pdf\" target=\"_blank\" role=\"button\" rel=\"noopener\">\n\t\t\t\t\t\t\tGuide secondaire fran\u00e7ais 2022-23\n\t\t\t\t\t<\/a>\n\t\t\t<a href=\"https:\/\/site.csdessommets.qc.ca\/ressourcespourlesenseignantsetprofessionnels\/wp-content\/uploads\/sites\/468\/2021\/08\/Guide-apprentissages-prioritaires-secondaire-anglais-2021-2022.pdf\" target=\"_blank\" role=\"button\" rel=\"noopener\">\n\t\t\t\t\t\t\tGuide secondaire anglais 2022-23\n\t\t\t\t\t<\/a>\n\t\t\t<a href=\"https:\/\/site.csdessommets.qc.ca\/ressourcespourlesenseignantsetprofessionnels\/wp-content\/uploads\/sites\/468\/2021\/08\/Guide-apprentissages-prioritaires-secondaire-math-2021-2022.pdf\" target=\"_blank\" role=\"button\" rel=\"noopener\">\n\t\t\t\t\t\t\tGuide secondaire math 2022-23\n\t\t\t\t\t<\/a>\n\t\t\t<a href=\"https:\/\/site.csdessommets.qc.ca\/ressourcespourlesenseignantsetprofessionnels\/wp-content\/uploads\/sites\/468\/2021\/08\/Guide-apprentissages-prioritaires-secondaire-sciences-2021-2022.pdf\" target=\"_blank\" role=\"button\" rel=\"noopener\">\n\t\t\t\t\t\t\tGuide secondaire sciences 2022-23\n\t\t\t\t\t<\/a>\n\t\t\t<a href=\"https:\/\/site.csdessommets.qc.ca\/ressourcespourlesenseignantsetprofessionnels\/wp-content\/uploads\/sites\/468\/2021\/08\/Guide-apprentissages-prioritaires-secondaire-geographie-histoire-2021-2022.pdf\" target=\"_blank\" role=\"button\" rel=\"noopener\">\n\t\t\t\t\t\t\tGuide secondaire g\u00e9ographie histoire 2022-23\n\t\t\t\t\t<\/a>\n\n<h2>\n\t\tPlan de relance pour la r\u00e9ussite \u00e9ducative 2021-2022\n\t<\/h2>\n\t\t\t<a href=\"https:\/\/cdn-contenu.quebec.ca\/cdn-contenu\/adm\/min\/education\/publications-adm\/education\/Sommaire-plan-relance-reussite-educative.pdf?1620314628\" target=\"_blank\" role=\"button\" rel=\"noopener\">\n\t\t\t\t\t\t\tSommaire du plan de relance\n\t\t\t\t\t<\/a>\n\t\t\t<a href=\"https:\/\/cdn-contenu.quebec.ca\/cdn-contenu\/adm\/min\/education\/publications-adm\/education\/Plan-relance-reussite-educative.pdf?1620329347\" target=\"_blank\" role=\"button\" rel=\"noopener\">\n\t\t\t\t\t\t\tPlan de relance complet\n\t\t\t\t\t<\/a>\n\t\t\t<a href=\"https:\/\/cdn-contenu.quebec.ca\/cdn-contenu\/adm\/min\/education\/publications-adm\/education\/Feuillet-recherche-plan-relance-reussite-educative.pdf?1620314628\" target=\"_blank\" role=\"button\" rel=\"noopener\">\n\t\t\t\t\t\t\tCe que dit la recherche\n\t\t\t\t\t<\/a>\n<h2>\n\t\tAnciens documents et outils de 2020-2021\n\t<\/h2>\n<h4>\n\t\tPlusieurs suggestions (\u00e9tapes) et mat\u00e9riel p\u00e9dagogique toujours pertinents (grilles d&rsquo;observation, entretiens de lecture, \u00e9chelles des niveaux de comp\u00e9tence, etc.). N&rsquo;utilisez pas les outils portrait qui \u00e9taient faits avec les apprentissages \u00e0 prioriser de 2020-21.\n\t<\/h4>\n\t\t\t<a href=\"https:\/\/site.csdessommets.qc.ca\/ressourcespourlesenseignantsetprofessionnels\/primaire_1ercycle\/\" target=\"_self\" role=\"button\" rel=\"noopener\">\n\t\t\t\t\t\t\tPrimaire 1er cycle 20-21\n\t\t\t\t\t<\/a>\n\t\t\t<a href=\"https:\/\/site.csdessommets.qc.ca\/ressourcespourlesenseignantsetprofessionnels\/primaire_2ecycle\/\" target=\"_self\" role=\"button\" rel=\"noopener\">\n\t\t\t\t\t\t\tPrimaire 2e cycle 20-21\n\t\t\t\t\t<\/a>\n\t\t\t<a href=\"https:\/\/site.csdessommets.qc.ca\/ressourcespourlesenseignantsetprofessionnels\/primaire_3ecycle\/\" target=\"_self\" role=\"button\" rel=\"noopener\">\n\t\t\t\t\t\t\tPrimaire 3e cycle 20-21\n\t\t\t\t\t<\/a>\n\t\t\t<a href=\"https:\/\/site.csdessommets.qc.ca\/ressourcespourlesenseignantsetprofessionnels\/secondaire\/\" target=\"_self\" role=\"button\" rel=\"noopener\">\n\t\t\t\t\t\t\tSecondaire 20-21\n\t\t\t\t\t<\/a>\n\n","protected":false},"excerpt":{"rendered":"<p>Ann\u00e9e scolaire 2022-2023 &#8211; Apprentissages \u00e0 prioriser Le MEQ a pris la d\u00e9cision de reconduire les m\u00eames apprentissages \u00e0 prioriser que l&rsquo;an dernier pour la pr\u00e9sente ann\u00e9e scolaire. Nous ne changerons pas les titres, mais sachez que tous les documents fournis ici pour 2021-22 sont valables pour 2022-23.\u00a0 Documents du MEQ s\u00e9par\u00e9s par cycles ou&hellip;<\/p>\n","protected":false},"author":1825,"featured_media":0,"parent":0,"menu_order":1,"comment_status":"closed","ping_status":"closed","template":"","meta":{"footnotes":""},"class_list":["post-3","page","type-page","status-publish","hentry"],"_links":{"self":[{"href":"https:\/\/site.csdessommets.qc.ca\/ressourcespourlesenseignantsetprofessionnels\/wp-json\/wp\/v2\/pages\/3","targetHints":{"allow":["GET"]}}],"collection":[{"href":"https:\/\/site.csdessommets.qc.ca\/ressourcespourlesenseignantsetprofessionnels\/wp-json\/wp\/v2\/pages"}],"about":[{"href":"https:\/\/site.csdessommets.qc.ca\/ressourcespourlesenseignantsetprofessionnels\/wp-json\/wp\/v2\/types\/page"}],"author":[{"embeddable":true,"href":"https:\/\/site.csdessommets.qc.ca\/ressourcespourlesenseignantsetprofessionnels\/wp-json\/wp\/v2\/users\/1825"}],"replies":[{"embeddable":true,"href":"https:\/\/site.csdessommets.qc.ca\/ressourcespourlesenseignantsetprofessionnels\/wp-json\/wp\/v2\/comments?post=3"}],"version-history":[{"count":49,"href":"https:\/\/site.csdessommets.qc.ca\/ressourcespourlesenseignantsetprofessionnels\/wp-json\/wp\/v2\/pages\/3\/revisions"}],"predecessor-version":[{"id":671,"href":"https:\/\/site.csdessommets.qc.ca\/ressourcespourlesenseignantsetprofessionnels\/wp-json\/wp\/v2\/pages\/3\/revisions\/671"}],"wp:attachment":[{"href":"https:\/\/site.csdessommets.qc.ca\/ressourcespourlesenseignantsetprofessionnels\/wp-json\/wp\/v2\/media?parent=3"}],"curies":[{"name":"wp","href":"https:\/\/api.w.org\/{rel}","templated":true}]}}