{"id":614,"date":"2021-10-24T18:44:02","date_gmt":"2021-10-24T22:44:02","guid":{"rendered":"https:\/\/site.csdessommets.qc.ca\/ressourcespourlesenseignantsetprofessionnels\/primaire-1er-cycle-21-22\/"},"modified":"2022-09-22T10:52:07","modified_gmt":"2022-09-22T14:52:07","slug":"primaire-1er-cycle-21-22","status":"publish","type":"page","link":"https:\/\/site.csdessommets.qc.ca\/ressourcespourlesenseignantsetprofessionnels\/primaire-1er-cycle-21-22\/","title":{"rendered":"Primaire 1er cycle 22-23"},"content":{"rendered":"\n\n\t\n\n<ul>\n<li><strong><a href=\"https:\/\/site.csdessommets.qc.ca\/ressourcespourlesenseignantsetprofessionnels\/wp-content\/uploads\/sites\/468\/2021\/08\/Guide-apprentissages-prioritaires-1er-cycle-primaire-2021-2022.pdf\" target=\"_blank\" rel=\"noopener\">Guide minist\u00e9riel des apprentissages prioritaires 1er cycle<\/a><\/strong><\/li>\n<li><strong><a href=\"https:\/\/site.csdessommets.qc.ca\/ressourcespourlesenseignantsetprofessionnels\/wp-content\/uploads\/sites\/468\/2021\/10\/PRIM_FRA_Essentiels_1er-cycle_21_22.xlsx\" target=\"_blank\" rel=\"noopener\">Liste essentiels fran\u00e7ais 1er cycle (Excel)<\/a><\/strong><\/li>\n<li><strong><a href=\"https:\/\/site.csdessommets.qc.ca\/ressourcespourlesenseignantsetprofessionnels\/wp-content\/uploads\/sites\/468\/2021\/10\/App_prioriser_FRA_1ercycle_-2021_2022-1.docx\" target=\"_blank\" rel=\"noopener\">Liste essentiels fran\u00e7ais 1er cycle (Word)<\/a><\/strong><\/li>\n<li><strong><a href=\"https:\/\/site.csdessommets.qc.ca\/ressourcespourlesenseignantsetprofessionnels\/wp-content\/uploads\/sites\/468\/2021\/10\/progression_math_primaire-Portrait-1ercycle-2021-22.xlsx\" target=\"_blank\" rel=\"noopener\">Liste essentiels math 1er cycle (Excel)<\/a><\/strong><\/li>\n<li><strong><a href=\"https:\/\/site.csdessommets.qc.ca\/ressourcespourlesenseignantsetprofessionnels\/wp-content\/uploads\/sites\/468\/2021\/10\/Apprentissages-a-prioriser-MATH_1ercycle_21_22.docx\" target=\"_blank\" rel=\"noopener\">Liste essentiels math 1er cycle (Word)<\/a><\/strong><\/li>\n<\/ul>\n<p>&nbsp;<\/p>\n<p>&nbsp;<\/p>\n\n","protected":false},"excerpt":{"rendered":"<p>Guide minist\u00e9riel des apprentissages prioritaires 1er cycle Liste essentiels fran\u00e7ais 1er cycle (Excel) Liste essentiels fran\u00e7ais 1er cycle (Word) Liste essentiels math 1er cycle (Excel) Liste essentiels math 1er cycle (Word) &nbsp; &nbsp;<\/p>\n","protected":false},"author":1228,"featured_media":0,"parent":0,"menu_order":0,"comment_status":"closed","ping_status":"closed","template":"","meta":{"footnotes":""},"class_list":["post-614","page","type-page","status-publish","hentry"],"_links":{"self":[{"href":"https:\/\/site.csdessommets.qc.ca\/ressourcespourlesenseignantsetprofessionnels\/wp-json\/wp\/v2\/pages\/614","targetHints":{"allow":["GET"]}}],"collection":[{"href":"https:\/\/site.csdessommets.qc.ca\/ressourcespourlesenseignantsetprofessionnels\/wp-json\/wp\/v2\/pages"}],"about":[{"href":"https:\/\/site.csdessommets.qc.ca\/ressourcespourlesenseignantsetprofessionnels\/wp-json\/wp\/v2\/types\/page"}],"author":[{"embeddable":true,"href":"https:\/\/site.csdessommets.qc.ca\/ressourcespourlesenseignantsetprofessionnels\/wp-json\/wp\/v2\/users\/1228"}],"replies":[{"embeddable":true,"href":"https:\/\/site.csdessommets.qc.ca\/ressourcespourlesenseignantsetprofessionnels\/wp-json\/wp\/v2\/comments?post=614"}],"version-history":[{"count":7,"href":"https:\/\/site.csdessommets.qc.ca\/ressourcespourlesenseignantsetprofessionnels\/wp-json\/wp\/v2\/pages\/614\/revisions"}],"predecessor-version":[{"id":672,"href":"https:\/\/site.csdessommets.qc.ca\/ressourcespourlesenseignantsetprofessionnels\/wp-json\/wp\/v2\/pages\/614\/revisions\/672"}],"wp:attachment":[{"href":"https:\/\/site.csdessommets.qc.ca\/ressourcespourlesenseignantsetprofessionnels\/wp-json\/wp\/v2\/media?parent=614"}],"curies":[{"name":"wp","href":"https:\/\/api.w.org\/{rel}","templated":true}]}}