{"id":618,"date":"2021-10-24T18:44:39","date_gmt":"2021-10-24T22:44:39","guid":{"rendered":"https:\/\/site.csdessommets.qc.ca\/ressourcespourlesenseignantsetprofessionnels\/primaire-3e-cycle-21-22\/"},"modified":"2022-09-22T10:52:28","modified_gmt":"2022-09-22T14:52:28","slug":"primaire-3e-cycle-21-22","status":"publish","type":"page","link":"https:\/\/site.csdessommets.qc.ca\/ressourcespourlesenseignantsetprofessionnels\/primaire-3e-cycle-21-22\/","title":{"rendered":"Primaire 3e cycle 22-23"},"content":{"rendered":"\n\n\t\n\n<ul>\n<li><strong><a href=\"https:\/\/site.csdessommets.qc.ca\/ressourcespourlesenseignantsetprofessionnels\/wp-content\/uploads\/sites\/468\/2021\/08\/Guide-apprentissages-prioritaires-3e-cycle-primaire-2021-2022.pdf\" target=\"_blank\" rel=\"noopener\">Guide minist\u00e9riel des apprentissages prioritaires 3e cycle<\/a><\/strong><\/li>\n<li><strong><a href=\"https:\/\/site.csdessommets.qc.ca\/ressourcespourlesenseignantsetprofessionnels\/wp-content\/uploads\/sites\/468\/2021\/10\/PRIM_FRA_Essentiels_3e-cycle_21_22.xlsx\" target=\"_blank\" rel=\"noopener\">Liste essentiels fran\u00e7ais 3e cycle (Excel)<\/a><\/strong><\/li>\n<li><strong><a href=\"https:\/\/site.csdessommets.qc.ca\/ressourcespourlesenseignantsetprofessionnels\/wp-content\/uploads\/sites\/468\/2021\/10\/App_prioriser_FRA_3ecycle_2021-2022-1.docx\" target=\"_blank\" rel=\"noopener\">Liste essentiels fran\u00e7ais 3e cycle (Word)<\/a><\/strong><\/li>\n<li><strong><a href=\"https:\/\/site.csdessommets.qc.ca\/ressourcespourlesenseignantsetprofessionnels\/wp-content\/uploads\/sites\/468\/2021\/10\/progression_math_primaire-Portrait-3ecycle-2021_22.xlsx\" target=\"_blank\" rel=\"noopener\">Liste essentiels math 3e cycle (Excel)<\/a><\/strong><\/li>\n<li><strong><a href=\"https:\/\/site.csdessommets.qc.ca\/ressourcespourlesenseignantsetprofessionnels\/wp-content\/uploads\/sites\/468\/2021\/10\/Apprentissages-a-prioriser-MATH_3ecycle_21_22.docx\" target=\"_blank\" rel=\"noopener\">Liste essentiels math 3e cycle (Word)<\/a><\/strong><\/li>\n<\/ul>\n<p>&nbsp;<\/p>\n<p>&nbsp;<\/p>\n\n","protected":false},"excerpt":{"rendered":"<p>Guide minist\u00e9riel des apprentissages prioritaires 3e cycle Liste essentiels fran\u00e7ais 3e cycle (Excel) Liste essentiels fran\u00e7ais 3e cycle (Word) Liste essentiels math 3e cycle (Excel) Liste essentiels math 3e cycle (Word) &nbsp; &nbsp;<\/p>\n","protected":false},"author":1228,"featured_media":0,"parent":0,"menu_order":0,"comment_status":"closed","ping_status":"closed","template":"","meta":{"footnotes":""},"class_list":["post-618","page","type-page","status-publish","hentry"],"_links":{"self":[{"href":"https:\/\/site.csdessommets.qc.ca\/ressourcespourlesenseignantsetprofessionnels\/wp-json\/wp\/v2\/pages\/618","targetHints":{"allow":["GET"]}}],"collection":[{"href":"https:\/\/site.csdessommets.qc.ca\/ressourcespourlesenseignantsetprofessionnels\/wp-json\/wp\/v2\/pages"}],"about":[{"href":"https:\/\/site.csdessommets.qc.ca\/ressourcespourlesenseignantsetprofessionnels\/wp-json\/wp\/v2\/types\/page"}],"author":[{"embeddable":true,"href":"https:\/\/site.csdessommets.qc.ca\/ressourcespourlesenseignantsetprofessionnels\/wp-json\/wp\/v2\/users\/1228"}],"replies":[{"embeddable":true,"href":"https:\/\/site.csdessommets.qc.ca\/ressourcespourlesenseignantsetprofessionnels\/wp-json\/wp\/v2\/comments?post=618"}],"version-history":[{"count":3,"href":"https:\/\/site.csdessommets.qc.ca\/ressourcespourlesenseignantsetprofessionnels\/wp-json\/wp\/v2\/pages\/618\/revisions"}],"predecessor-version":[{"id":674,"href":"https:\/\/site.csdessommets.qc.ca\/ressourcespourlesenseignantsetprofessionnels\/wp-json\/wp\/v2\/pages\/618\/revisions\/674"}],"wp:attachment":[{"href":"https:\/\/site.csdessommets.qc.ca\/ressourcespourlesenseignantsetprofessionnels\/wp-json\/wp\/v2\/media?parent=618"}],"curies":[{"name":"wp","href":"https:\/\/api.w.org\/{rel}","templated":true}]}}