{"id":11988,"date":"2025-08-05T09:26:34","date_gmt":"2025-08-05T13:26:34","guid":{"rendered":"https:\/\/site.csdessommets.qc.ca\/sae\/?post_type=product&#038;p=11988"},"modified":"2026-03-31T11:55:18","modified_gmt":"2026-03-31T15:55:18","slug":"399-25-secourisme-general-et-gestion-des-allergies-severes-2025-180-1-14816-945","status":"publish","type":"product","link":"https:\/\/site.csdessommets.qc.ca\/sae\/produit\/399-25-secourisme-general-et-gestion-des-allergies-severes-2025-180-1-14816-945\/","title":{"rendered":"399-25 &#8211; Secourisme g\u00e9n\u00e9ral et gestion des allergies s\u00e9v\u00e8res 2025 (180-1-14816-945)"},"content":{"rendered":"","protected":false},"excerpt":{"rendered":"<p>175 $ Non Taxable<\/p>\n","protected":false},"featured_media":0,"template":"","meta":[],"product_brand":[],"product_cat":[17],"product_tag":[],"class_list":{"0":"post-11988","1":"product","2":"type-product","3":"status-publish","5":"product_cat-formations","7":"first","8":"instock","9":"purchasable","10":"product-type-simple"},"_links":{"self":[{"href":"https:\/\/site.csdessommets.qc.ca\/sae\/wp-json\/wp\/v2\/product\/11988","targetHints":{"allow":["GET"]}}],"collection":[{"href":"https:\/\/site.csdessommets.qc.ca\/sae\/wp-json\/wp\/v2\/product"}],"about":[{"href":"https:\/\/site.csdessommets.qc.ca\/sae\/wp-json\/wp\/v2\/types\/product"}],"wp:attachment":[{"href":"https:\/\/site.csdessommets.qc.ca\/sae\/wp-json\/wp\/v2\/media?parent=11988"}],"wp:term":[{"taxonomy":"product_brand","embeddable":true,"href":"https:\/\/site.csdessommets.qc.ca\/sae\/wp-json\/wp\/v2\/product_brand?post=11988"},{"taxonomy":"product_cat","embeddable":true,"href":"https:\/\/site.csdessommets.qc.ca\/sae\/wp-json\/wp\/v2\/product_cat?post=11988"},{"taxonomy":"product_tag","embeddable":true,"href":"https:\/\/site.csdessommets.qc.ca\/sae\/wp-json\/wp\/v2\/product_tag?post=11988"}],"curies":[{"name":"wp","href":"https:\/\/api.w.org\/{rel}","templated":true}]}}