{"id":12302,"date":"2025-09-08T09:58:20","date_gmt":"2025-09-08T13:58:20","guid":{"rendered":"https:\/\/site.csdessommets.qc.ca\/sae\/?post_type=product&#038;p=12302"},"modified":"2025-10-07T14:59:21","modified_gmt":"2025-10-07T18:59:21","slug":"1293sae25-lintelligence-emotionnelle-votre-atout-pour-une-gestion-dequipe-reussie-cohorte-1-180-1-14803-945","status":"publish","type":"product","link":"https:\/\/site.csdessommets.qc.ca\/sae\/produit\/1293sae25-lintelligence-emotionnelle-votre-atout-pour-une-gestion-dequipe-reussie-cohorte-1-180-1-14803-945\/","title":{"rendered":"1293SAE25 &#8211; L&rsquo;Intelligence \u00e9motionnelle, votre atout pour une gestion d&rsquo;\u00e9quipe r\u00e9ussie &#8211; cohorte 1 (180-1-14803-945)"},"content":{"rendered":"","protected":false},"excerpt":{"rendered":"<p>250$ taxable<\/p>\n","protected":false},"featured_media":0,"template":"","meta":[],"product_brand":[],"product_cat":[17],"product_tag":[],"class_list":{"0":"post-12302","1":"product","2":"type-product","3":"status-publish","5":"product_cat-formations","7":"first","8":"instock","9":"taxable","10":"shipping-taxable","11":"purchasable","12":"product-type-simple"},"_links":{"self":[{"href":"https:\/\/site.csdessommets.qc.ca\/sae\/wp-json\/wp\/v2\/product\/12302","targetHints":{"allow":["GET"]}}],"collection":[{"href":"https:\/\/site.csdessommets.qc.ca\/sae\/wp-json\/wp\/v2\/product"}],"about":[{"href":"https:\/\/site.csdessommets.qc.ca\/sae\/wp-json\/wp\/v2\/types\/product"}],"wp:attachment":[{"href":"https:\/\/site.csdessommets.qc.ca\/sae\/wp-json\/wp\/v2\/media?parent=12302"}],"wp:term":[{"taxonomy":"product_brand","embeddable":true,"href":"https:\/\/site.csdessommets.qc.ca\/sae\/wp-json\/wp\/v2\/product_brand?post=12302"},{"taxonomy":"product_cat","embeddable":true,"href":"https:\/\/site.csdessommets.qc.ca\/sae\/wp-json\/wp\/v2\/product_cat?post=12302"},{"taxonomy":"product_tag","embeddable":true,"href":"https:\/\/site.csdessommets.qc.ca\/sae\/wp-json\/wp\/v2\/product_tag?post=12302"}],"curies":[{"name":"wp","href":"https:\/\/api.w.org\/{rel}","templated":true}]}}