{"id":12303,"date":"2025-09-08T10:03:50","date_gmt":"2025-09-08T14:03:50","guid":{"rendered":"https:\/\/site.csdessommets.qc.ca\/sae\/?post_type=product&#038;p=12303"},"modified":"2026-03-27T13:21:03","modified_gmt":"2026-03-27T17:21:03","slug":"1293sae25-lintelligence-emotionnelle-votre-atout-pour-une-gestion-dequipe-reussie-cohorte-2-180-1-14803-945-copie","status":"publish","type":"product","link":"https:\/\/site.csdessommets.qc.ca\/sae\/produit\/1293sae25-lintelligence-emotionnelle-votre-atout-pour-une-gestion-dequipe-reussie-cohorte-2-180-1-14803-945-copie\/","title":{"rendered":"1293SAE25 &#8211; L&rsquo;Intelligence \u00e9motionnelle, votre atout pour une gestion d&rsquo;\u00e9quipe r\u00e9ussie &#8211; cohorte 2 (180-1-14803-945) (Copie)"},"content":{"rendered":"","protected":false},"excerpt":{"rendered":"<p>250$ taxable<\/p>\n","protected":false},"featured_media":0,"template":"","meta":[],"product_brand":[],"product_cat":[17],"product_tag":[],"class_list":{"0":"post-12303","1":"product","2":"type-product","3":"status-publish","5":"product_cat-formations","7":"first","8":"instock","9":"taxable","10":"shipping-taxable","11":"purchasable","12":"product-type-simple"},"_links":{"self":[{"href":"https:\/\/site.csdessommets.qc.ca\/sae\/wp-json\/wp\/v2\/product\/12303","targetHints":{"allow":["GET"]}}],"collection":[{"href":"https:\/\/site.csdessommets.qc.ca\/sae\/wp-json\/wp\/v2\/product"}],"about":[{"href":"https:\/\/site.csdessommets.qc.ca\/sae\/wp-json\/wp\/v2\/types\/product"}],"wp:attachment":[{"href":"https:\/\/site.csdessommets.qc.ca\/sae\/wp-json\/wp\/v2\/media?parent=12303"}],"wp:term":[{"taxonomy":"product_brand","embeddable":true,"href":"https:\/\/site.csdessommets.qc.ca\/sae\/wp-json\/wp\/v2\/product_brand?post=12303"},{"taxonomy":"product_cat","embeddable":true,"href":"https:\/\/site.csdessommets.qc.ca\/sae\/wp-json\/wp\/v2\/product_cat?post=12303"},{"taxonomy":"product_tag","embeddable":true,"href":"https:\/\/site.csdessommets.qc.ca\/sae\/wp-json\/wp\/v2\/product_tag?post=12303"}],"curies":[{"name":"wp","href":"https:\/\/api.w.org\/{rel}","templated":true}]}}