{"id":12825,"date":"2025-10-24T11:22:27","date_gmt":"2025-10-24T15:22:27","guid":{"rendered":"https:\/\/site.csdessommets.qc.ca\/sae\/?post_type=product&#038;p=12825"},"modified":"2026-01-19T13:41:57","modified_gmt":"2026-01-19T18:41:57","slug":"1481sae25-securite-privee-sherbrooke-janvier-a-mars-2026-180-1-14819-945","status":"publish","type":"product","link":"https:\/\/site.csdessommets.qc.ca\/sae\/produit\/1481sae25-securite-privee-sherbrooke-janvier-a-mars-2026-180-1-14819-945\/","title":{"rendered":"1481SAE25 &#8211; S\u00e9curit\u00e9 Priv\u00e9e Sherbrooke &#8211; Janvier \u00e0 mars 2026 (180-1-14819-945)"},"content":{"rendered":"","protected":false},"excerpt":{"rendered":"<p>385$ non taxable<\/p>\n","protected":false},"featured_media":0,"template":"","meta":[],"product_brand":[],"product_cat":[17],"product_tag":[],"class_list":{"0":"post-12825","1":"product","2":"type-product","3":"status-publish","5":"product_cat-formations","7":"first","8":"instock","9":"purchasable","10":"product-type-simple"},"_links":{"self":[{"href":"https:\/\/site.csdessommets.qc.ca\/sae\/wp-json\/wp\/v2\/product\/12825","targetHints":{"allow":["GET"]}}],"collection":[{"href":"https:\/\/site.csdessommets.qc.ca\/sae\/wp-json\/wp\/v2\/product"}],"about":[{"href":"https:\/\/site.csdessommets.qc.ca\/sae\/wp-json\/wp\/v2\/types\/product"}],"wp:attachment":[{"href":"https:\/\/site.csdessommets.qc.ca\/sae\/wp-json\/wp\/v2\/media?parent=12825"}],"wp:term":[{"taxonomy":"product_brand","embeddable":true,"href":"https:\/\/site.csdessommets.qc.ca\/sae\/wp-json\/wp\/v2\/product_brand?post=12825"},{"taxonomy":"product_cat","embeddable":true,"href":"https:\/\/site.csdessommets.qc.ca\/sae\/wp-json\/wp\/v2\/product_cat?post=12825"},{"taxonomy":"product_tag","embeddable":true,"href":"https:\/\/site.csdessommets.qc.ca\/sae\/wp-json\/wp\/v2\/product_tag?post=12825"}],"curies":[{"name":"wp","href":"https:\/\/api.w.org\/{rel}","templated":true}]}}