{"id":13193,"date":"2025-12-03T15:41:32","date_gmt":"2025-12-03T20:41:32","guid":{"rendered":"https:\/\/site.csdessommets.qc.ca\/sae\/?post_type=product&#038;p=13193"},"modified":"2025-12-03T15:45:27","modified_gmt":"2025-12-03T20:45:27","slug":"171-25-loi-90-competence-6-sans-gratuite-megantic-19-et-26-janvier-20265-220-1-14617-945","status":"publish","type":"product","link":"https:\/\/site.csdessommets.qc.ca\/sae\/produit\/171-25-loi-90-competence-6-sans-gratuite-megantic-19-et-26-janvier-20265-220-1-14617-945\/","title":{"rendered":"171-25 &#8211; Loi 90 \/ Comp\u00e9tence 6 &#8211; Sans gratuit\u00e9 &#8211; M\u00e9gantic &#8211; 19 et 26 janvier 20265 (220-1-14617-945)"},"content":{"rendered":"","protected":false},"excerpt":{"rendered":"<p>249 $ &#8211; Non taxable<\/p>\n","protected":false},"featured_media":0,"template":"","meta":[],"product_brand":[],"product_cat":[19],"product_tag":[],"class_list":{"0":"post-13193","1":"product","2":"type-product","3":"status-publish","5":"product_cat-non-classe","7":"first","8":"instock","9":"purchasable","10":"product-type-simple"},"_links":{"self":[{"href":"https:\/\/site.csdessommets.qc.ca\/sae\/wp-json\/wp\/v2\/product\/13193","targetHints":{"allow":["GET"]}}],"collection":[{"href":"https:\/\/site.csdessommets.qc.ca\/sae\/wp-json\/wp\/v2\/product"}],"about":[{"href":"https:\/\/site.csdessommets.qc.ca\/sae\/wp-json\/wp\/v2\/types\/product"}],"wp:attachment":[{"href":"https:\/\/site.csdessommets.qc.ca\/sae\/wp-json\/wp\/v2\/media?parent=13193"}],"wp:term":[{"taxonomy":"product_brand","embeddable":true,"href":"https:\/\/site.csdessommets.qc.ca\/sae\/wp-json\/wp\/v2\/product_brand?post=13193"},{"taxonomy":"product_cat","embeddable":true,"href":"https:\/\/site.csdessommets.qc.ca\/sae\/wp-json\/wp\/v2\/product_cat?post=13193"},{"taxonomy":"product_tag","embeddable":true,"href":"https:\/\/site.csdessommets.qc.ca\/sae\/wp-json\/wp\/v2\/product_tag?post=13193"}],"curies":[{"name":"wp","href":"https:\/\/api.w.org\/{rel}","templated":true}]}}