{"id":13626,"date":"2026-01-26T11:33:38","date_gmt":"2026-01-26T16:33:38","guid":{"rendered":"https:\/\/site.csdessommets.qc.ca\/sae\/?post_type=product&#038;p=13626"},"modified":"2026-01-26T11:34:31","modified_gmt":"2026-01-26T16:34:31","slug":"12925-460-aep-aprpa-debut-le-10-fevrier-2026-a-granby-sans-gratuite-125050-361-1-14617-945","status":"publish","type":"product","link":"https:\/\/site.csdessommets.qc.ca\/sae\/produit\/12925-460-aep-aprpa-debut-le-10-fevrier-2026-a-granby-sans-gratuite-125050-361-1-14617-945\/","title":{"rendered":"12925-460 &#8211; AEP &#8211; APRPA &#8211; D\u00e9but le 10 f\u00e9vrier 2026 \u00e0 Granby &#8211; Sans gratuit\u00e9 1250,50 $ (361-1-14617-945)"},"content":{"rendered":"","protected":false},"excerpt":{"rendered":"<p>1250.50 $ Non Taxable<\/p>\n","protected":false},"featured_media":0,"template":"","meta":[],"product_brand":[],"product_cat":[17],"product_tag":[],"class_list":{"0":"post-13626","1":"product","2":"type-product","3":"status-publish","5":"product_cat-formations","7":"first","8":"instock","9":"purchasable","10":"product-type-simple"},"_links":{"self":[{"href":"https:\/\/site.csdessommets.qc.ca\/sae\/wp-json\/wp\/v2\/product\/13626","targetHints":{"allow":["GET"]}}],"collection":[{"href":"https:\/\/site.csdessommets.qc.ca\/sae\/wp-json\/wp\/v2\/product"}],"about":[{"href":"https:\/\/site.csdessommets.qc.ca\/sae\/wp-json\/wp\/v2\/types\/product"}],"wp:attachment":[{"href":"https:\/\/site.csdessommets.qc.ca\/sae\/wp-json\/wp\/v2\/media?parent=13626"}],"wp:term":[{"taxonomy":"product_brand","embeddable":true,"href":"https:\/\/site.csdessommets.qc.ca\/sae\/wp-json\/wp\/v2\/product_brand?post=13626"},{"taxonomy":"product_cat","embeddable":true,"href":"https:\/\/site.csdessommets.qc.ca\/sae\/wp-json\/wp\/v2\/product_cat?post=13626"},{"taxonomy":"product_tag","embeddable":true,"href":"https:\/\/site.csdessommets.qc.ca\/sae\/wp-json\/wp\/v2\/product_tag?post=13626"}],"curies":[{"name":"wp","href":"https:\/\/api.w.org\/{rel}","templated":true}]}}