{"id":13788,"date":"2026-02-10T15:01:16","date_gmt":"2026-02-10T20:01:16","guid":{"rendered":"https:\/\/site.csdessommets.qc.ca\/sae\/?post_type=product&#038;p=13788"},"modified":"2026-04-01T12:56:27","modified_gmt":"2026-04-01T16:56:27","slug":"300-25-devis-588-securite-privee-sherbrooke-11-12-1819-avril-et-2-3-9-et-10-mai-2026-180-1-14819-945","status":"publish","type":"product","link":"https:\/\/site.csdessommets.qc.ca\/sae\/produit\/300-25-devis-588-securite-privee-sherbrooke-11-12-1819-avril-et-2-3-9-et-10-mai-2026-180-1-14819-945\/","title":{"rendered":"300-25 devis 588 &#8211; S\u00e9curit\u00e9 Priv\u00e9e Sherbrooke &#8211; 11, 12, 18,19 avril et 2, 3, 9 et 10 mai 2026 (180-1-14819-945)"},"content":{"rendered":"","protected":false},"excerpt":{"rendered":"<p>385$ non taxable<\/p>\n","protected":false},"featured_media":0,"template":"","meta":[],"product_brand":[],"product_cat":[17],"product_tag":[],"class_list":{"0":"post-13788","1":"product","2":"type-product","3":"status-publish","5":"product_cat-formations","7":"first","8":"instock","9":"purchasable","10":"product-type-simple"},"_links":{"self":[{"href":"https:\/\/site.csdessommets.qc.ca\/sae\/wp-json\/wp\/v2\/product\/13788","targetHints":{"allow":["GET"]}}],"collection":[{"href":"https:\/\/site.csdessommets.qc.ca\/sae\/wp-json\/wp\/v2\/product"}],"about":[{"href":"https:\/\/site.csdessommets.qc.ca\/sae\/wp-json\/wp\/v2\/types\/product"}],"wp:attachment":[{"href":"https:\/\/site.csdessommets.qc.ca\/sae\/wp-json\/wp\/v2\/media?parent=13788"}],"wp:term":[{"taxonomy":"product_brand","embeddable":true,"href":"https:\/\/site.csdessommets.qc.ca\/sae\/wp-json\/wp\/v2\/product_brand?post=13788"},{"taxonomy":"product_cat","embeddable":true,"href":"https:\/\/site.csdessommets.qc.ca\/sae\/wp-json\/wp\/v2\/product_cat?post=13788"},{"taxonomy":"product_tag","embeddable":true,"href":"https:\/\/site.csdessommets.qc.ca\/sae\/wp-json\/wp\/v2\/product_tag?post=13788"}],"curies":[{"name":"wp","href":"https:\/\/api.w.org\/{rel}","templated":true}]}}