{"id":105,"date":"2019-04-08T09:59:16","date_gmt":"2019-04-08T13:59:16","guid":{"rendered":"https:\/\/site.csdessommets.qc.ca\/tevaestrie\/outils-documents\/"},"modified":"2022-11-09T12:32:50","modified_gmt":"2022-11-09T17:32:50","slug":"outils-documents","status":"publish","type":"page","link":"https:\/\/site.csdessommets.qc.ca\/tevaestrie\/outils-documents\/","title":{"rendered":"Outils et documents"},"content":{"rendered":"\n<h3>\n\t\tOutils et documents\n\t<\/h3>\n<h3>\n\t\tPr\u00e9sentation de la d\u00e9marche\n\t<\/h3>\n<h3>\n\t\tSoutien \u00e0 la d\u00e9marche\u00a0 \u00a0\n\t<\/h3>\n\t<p><a href=\"https:\/\/site.csdessommets.qc.ca\/tevaestrie\/wp-content\/uploads\/sites\/417\/2022\/11\/TEVA-Estrie_WEB.pptx\">La TEVA en Estrie<\/a><\/p>\n<p><a href=\"https:\/\/site.csdessommets.qc.ca\/tevaestrie\/wp-content\/uploads\/sites\/417\/2021\/01\/Spheres-et-axes-de-developpement.pdf\">Sph\u00e8res et axes de d\u00e9veloppement<\/a><\/p>\n<p>&nbsp;<\/p>\n<p>&nbsp;<\/p>\n<p>&nbsp;<\/p>\n\t<p><a href=\"https:\/\/site.csdessommets.qc.ca\/tevaestrie\/wp-content\/uploads\/sites\/417\/2020\/10\/\u00c9tape-d\u00e9marche-WEB.pdf\" target=\"_blank\" rel=\"noopener\">\u00c9tapes de la d\u00e9marche<\/a><\/p>\n<p><a href=\"https:\/\/site.csdessommets.qc.ca\/tevaestrie\/wp-content\/uploads\/sites\/417\/2021\/01\/Planification-et-coordination.pdf\">Planification et coordination<\/a><\/p>\n<p><a href=\"https:\/\/site.csdessommets.qc.ca\/tevaestrie\/wp-content\/uploads\/sites\/417\/2021\/01\/Decision-Facteurs-de-realite.pdf\">D\u00e9cision &#8211; Facteurs de r\u00e9alit\u00e9<\/a><\/p>\n<p><a href=\"https:\/\/site.csdessommets.qc.ca\/tevaestrie\/wp-content\/uploads\/sites\/417\/2022\/11\/PFAE-et-TEVA.docx\">Programme FPT et TEVA<\/a><\/p>\n<p>Programme CAPS II et TEVA (\u00e0 venir)<\/p>\n<h3>\n\t\tCollecte de donn\u00e9es\u00a0 \u00a0 \u00a0\u00a0\n\t<\/h3>\n<h3>\n\t\tConsignation des informations\n\t<\/h3>\n\t<p><a href=\"https:\/\/site.csdessommets.qc.ca\/tevaestrie\/wp-content\/uploads\/sites\/417\/2019\/06\/TEVA-DMO.pdf\" target=\"_blank\" rel=\"noopener\">D\u00e9ficience motrice ou organique &#8211; Profil de l&rsquo;\u00e9l\u00e8ve<\/a><\/p>\n<p><a href=\"https:\/\/site.csdessommets.qc.ca\/tevaestrie\/wp-content\/uploads\/sites\/417\/2022\/11\/Nouveau-questionnaire-TEVA_zones-de-reponses.docx\">Questionnaire &#8211; Profil de l&rsquo;\u00e9l\u00e8ve<\/a><\/p>\n\t<p><a href=\"https:\/\/site.csdessommets.qc.ca\/tevaestrie\/wp-content\/uploads\/sites\/417\/2019\/06\/Plan-daction-premi\u00e8re-ann\u00e9e-Vanessa-1.docx\" target=\"_blank\" rel=\"noopener\">Plan de transition TEVA-premi\u00e8re ann\u00e9e<\/a><\/p>\n<p><a href=\"https:\/\/site.csdessommets.qc.ca\/tevaestrie\/wp-content\/uploads\/sites\/417\/2019\/06\/Version-2-Fiche-bilan-modifiable-T\u00c9VA-1.docx\" target=\"_blank\" rel=\"noopener\">Plan de transition TEVA<\/a><\/p>\n<p>&nbsp;<\/p>\n\n","protected":false},"excerpt":{"rendered":"<p>Outils et documents Pr\u00e9sentation de la d\u00e9marche Soutien \u00e0 la d\u00e9marche\u00a0 \u00a0 La TEVA en Estrie Sph\u00e8res et axes de d\u00e9veloppement &nbsp; &nbsp; &nbsp; \u00c9tapes de la d\u00e9marche Planification et coordination D\u00e9cision &#8211; Facteurs de r\u00e9alit\u00e9 Programme FPT et TEVA Programme CAPS II et TEVA (\u00e0 venir) Collecte de donn\u00e9es\u00a0 \u00a0 \u00a0\u00a0 Consignation des informations&hellip;<\/p>\n","protected":false},"author":3094,"featured_media":0,"parent":0,"menu_order":0,"comment_status":"closed","ping_status":"closed","template":"","meta":{"footnotes":""},"class_list":["post-105","page","type-page","status-publish","hentry"],"_links":{"self":[{"href":"https:\/\/site.csdessommets.qc.ca\/tevaestrie\/wp-json\/wp\/v2\/pages\/105","targetHints":{"allow":["GET"]}}],"collection":[{"href":"https:\/\/site.csdessommets.qc.ca\/tevaestrie\/wp-json\/wp\/v2\/pages"}],"about":[{"href":"https:\/\/site.csdessommets.qc.ca\/tevaestrie\/wp-json\/wp\/v2\/types\/page"}],"author":[{"embeddable":true,"href":"https:\/\/site.csdessommets.qc.ca\/tevaestrie\/wp-json\/wp\/v2\/users\/3094"}],"replies":[{"embeddable":true,"href":"https:\/\/site.csdessommets.qc.ca\/tevaestrie\/wp-json\/wp\/v2\/comments?post=105"}],"version-history":[{"count":36,"href":"https:\/\/site.csdessommets.qc.ca\/tevaestrie\/wp-json\/wp\/v2\/pages\/105\/revisions"}],"predecessor-version":[{"id":583,"href":"https:\/\/site.csdessommets.qc.ca\/tevaestrie\/wp-json\/wp\/v2\/pages\/105\/revisions\/583"}],"wp:attachment":[{"href":"https:\/\/site.csdessommets.qc.ca\/tevaestrie\/wp-json\/wp\/v2\/media?parent=105"}],"curies":[{"name":"wp","href":"https:\/\/api.w.org\/{rel}","templated":true}]}}