{"id":109,"date":"2019-04-08T10:00:22","date_gmt":"2019-04-08T14:00:22","guid":{"rendered":"https:\/\/site.csdessommets.qc.ca\/tevaestrie\/references\/"},"modified":"2022-11-09T12:43:44","modified_gmt":"2022-11-09T17:43:44","slug":"references","status":"publish","type":"page","link":"https:\/\/site.csdessommets.qc.ca\/tevaestrie\/references\/","title":{"rendered":"R\u00e9f\u00e9rences"},"content":{"rendered":"\n<h3>\n\t\tR\u00e9f\u00e9rences\n\t<\/h3>\n<h3>\n\t\tGuide TEVA du MEES\n\t<\/h3>\n\t\t\t\t\t\t\t\t\t\t\t<img decoding=\"async\" src=\"https:\/\/site.csdessommets.qc.ca\/tevaestrie\/wp-content\/uploads\/sites\/417\/2019\/05\/couverture-guide-teva.png\" alt=\"couverture guide teva\" \/>\n\t\t\t\t\t<p>Pour t\u00e9l\u00e9charger<\/p>\t\t\t\t\t\n\t\t\t<a href=\"https:\/\/site.csdessommets.qc.ca\/tevaestrie\/wp-content\/uploads\/sites\/417\/2019\/05\/TEVA-guide-2018.pdf\" target=\"_blank\" rel=\"noopener\" role=\"button\" aria-label=\"Cliquez ici\">\n\t\t\t\t\t\t\tCliquez ici\n\t\t<\/a>\n\t\t\t\t\t\t<h3>\n\t\t\t\t\t\tGuide TEVA\t\t<\/h3>\n<h3>\n\t\tGuide sur le parcours scolaire &#8211; OPHQ\n\t<\/h3>\n\t\t\t\t\t\t\t\t\t\t\t<img decoding=\"async\" src=\"https:\/\/site.csdessommets.qc.ca\/tevaestrie\/wp-content\/uploads\/sites\/417\/2019\/05\/guide-parcours-scolaire.png\" alt=\"guide parcours scolaire\" \/>\n\t\t\t\t\t<p>Pour t\u00e9l\u00e9charger<\/p>\t\t\t\t\t\n\t\t\t<a href=\"https:\/\/site.csdessommets.qc.ca\/tevaestrie\/wp-content\/uploads\/sites\/417\/2019\/05\/Guide_Parcours_Scolaire-pour-parents-denfant-handicap\u00e9.pdf\" target=\"_blank\" rel=\"noopener\" role=\"button\" aria-label=\"Cliquez ici\">\n\t\t\t\t\t\t\tCliquez ici\n\t\t<\/a>\n\t\t\t\t\t\t<h3>\n\t\t\t\t\t\tGuide parcours scolaire\t\t<\/h3>\n\t\t\t\t<a href=\"https:\/\/site.csdessommets.qc.ca\/tevaestrie\/wp-content\/uploads\/sites\/417\/2022\/11\/Guide-transition_DIP.pdf\" target=\"_self\" rel=\"noopener\">\n\t\t\t\t<img loading=\"lazy\" decoding=\"async\" src=\"https:\/\/site.csdessommets.qc.ca\/tevaestrie\/wp-content\/uploads\/sites\/417\/2022\/11\/Guide-transition-DIP.jpg\" alt=\"Guide transition DIP\" height=\"796\" width=\"616\" title=\"Guide transition DIP\" \/>\n\t\t\t\t<\/a>\n\n","protected":false},"excerpt":{"rendered":"<p>R\u00e9f\u00e9rences Guide TEVA du MEES Pour t\u00e9l\u00e9charger Cliquez ici Guide TEVA Guide sur le parcours scolaire &#8211; OPHQ Pour t\u00e9l\u00e9charger Cliquez ici Guide parcours scolaire<\/p>\n","protected":false},"author":3094,"featured_media":0,"parent":0,"menu_order":0,"comment_status":"closed","ping_status":"closed","template":"","meta":{"footnotes":""},"class_list":["post-109","page","type-page","status-publish","hentry"],"_links":{"self":[{"href":"https:\/\/site.csdessommets.qc.ca\/tevaestrie\/wp-json\/wp\/v2\/pages\/109","targetHints":{"allow":["GET"]}}],"collection":[{"href":"https:\/\/site.csdessommets.qc.ca\/tevaestrie\/wp-json\/wp\/v2\/pages"}],"about":[{"href":"https:\/\/site.csdessommets.qc.ca\/tevaestrie\/wp-json\/wp\/v2\/types\/page"}],"author":[{"embeddable":true,"href":"https:\/\/site.csdessommets.qc.ca\/tevaestrie\/wp-json\/wp\/v2\/users\/3094"}],"replies":[{"embeddable":true,"href":"https:\/\/site.csdessommets.qc.ca\/tevaestrie\/wp-json\/wp\/v2\/comments?post=109"}],"version-history":[{"count":8,"href":"https:\/\/site.csdessommets.qc.ca\/tevaestrie\/wp-json\/wp\/v2\/pages\/109\/revisions"}],"predecessor-version":[{"id":587,"href":"https:\/\/site.csdessommets.qc.ca\/tevaestrie\/wp-json\/wp\/v2\/pages\/109\/revisions\/587"}],"wp:attachment":[{"href":"https:\/\/site.csdessommets.qc.ca\/tevaestrie\/wp-json\/wp\/v2\/media?parent=109"}],"curies":[{"name":"wp","href":"https:\/\/api.w.org\/{rel}","templated":true}]}}